{"id":5218,"date":"2023-05-10T17:28:05","date_gmt":"2023-05-10T15:28:05","guid":{"rendered":"https:\/\/zelger.it\/entdecken-zelger\/zelger-training\/"},"modified":"2026-02-01T07:26:38","modified_gmt":"2026-02-01T06:26:38","slug":"zelger-training","status":"publish","type":"page","link":"https:\/\/www.zelger.it\/de\/entdecken-zelger\/zelger-training\/","title":{"rendered":"Zelger Training"},"content":{"rendered":"\t\t<div data-elementor-type=\"wp-page\" data-elementor-id=\"5218\" class=\"elementor elementor-5218 elementor-3572\" data-elementor-post-type=\"page\">\n\t\t\t\t\t\t<section class=\"elementor-section elementor-top-section elementor-element elementor-element-536ea59 elementor-section-height-min-height elementor-section-stretched elementor-section-boxed elementor-section-height-default elementor-section-items-middle\" data-id=\"536ea59\" data-element_type=\"section\" data-e-type=\"section\" data-settings=\"{&quot;jet_parallax_layout_list&quot;:[],&quot;background_background&quot;:&quot;classic&quot;,&quot;background_motion_fx_motion_fx_scrolling&quot;:&quot;yes&quot;,&quot;stretch_section&quot;:&quot;section-stretched&quot;,&quot;background_motion_fx_devices&quot;:[&quot;desktop&quot;,&quot;tablet&quot;,&quot;mobile&quot;]}\">\n\t\t\t\t\t\t\t<div class=\"elementor-background-overlay\"><\/div>\n\t\t\t\t\t\t\t<div class=\"elementor-container elementor-column-gap-default\">\n\t\t\t\t\t<div class=\"elementor-column elementor-col-50 elementor-top-column elementor-element elementor-element-e14bb84\" data-id=\"e14bb84\" data-element_type=\"column\" data-e-type=\"column\">\n\t\t\t<div class=\"elementor-widget-wrap elementor-element-populated\">\n\t\t\t\t\t\t<div class=\"elementor-element elementor-element-8a1d867 elementor-hidden-desktop elementor-widget elementor-widget-image\" data-id=\"8a1d867\" data-element_type=\"widget\" data-e-type=\"widget\" data-widget_type=\"image.default\">\n\t\t\t\t<div class=\"elementor-widget-container\">\n\t\t\t\t\t\t\t\t\t\t\t\t\t\t\t<img fetchpriority=\"high\" decoding=\"async\" width=\"1024\" height=\"576\" src=\"https:\/\/www.zelger.it\/wp-content\/uploads\/2026\/01\/BannerZelger-scaled-1-1-1024x576.webp\" class=\"attachment-large size-large wp-image-13308\" alt=\"\" srcset=\"https:\/\/www.zelger.it\/wp-content\/uploads\/2026\/01\/BannerZelger-scaled-1-1-1024x576.webp 1024w, https:\/\/www.zelger.it\/wp-content\/uploads\/2026\/01\/BannerZelger-scaled-1-1-300x169.webp 300w, https:\/\/www.zelger.it\/wp-content\/uploads\/2026\/01\/BannerZelger-scaled-1-1-768x432.webp 768w, https:\/\/www.zelger.it\/wp-content\/uploads\/2026\/01\/BannerZelger-scaled-1-1.webp 1400w\" sizes=\"(max-width: 1024px) 100vw, 1024px\" \/>\t\t\t\t\t\t\t\t\t\t\t\t\t\t\t<\/div>\n\t\t\t\t<\/div>\n\t\t\t\t\t<\/div>\n\t\t<\/div>\n\t\t\t\t<div class=\"elementor-column elementor-col-50 elementor-top-column elementor-element elementor-element-3b6f1aa\" data-id=\"3b6f1aa\" data-element_type=\"column\" data-e-type=\"column\">\n\t\t\t<div class=\"elementor-widget-wrap elementor-element-populated\">\n\t\t\t\t\t\t<div class=\"elementor-element elementor-element-10eded4 elementor-widget elementor-widget-heading\" data-id=\"10eded4\" data-element_type=\"widget\" data-e-type=\"widget\" data-widget_type=\"heading.default\">\n\t\t\t\t<div class=\"elementor-widget-container\">\n\t\t\t\t\t<h1 class=\"elementor-heading-title elementor-size-default\">ZELGER TRAINING<\/h1>\t\t\t\t<\/div>\n\t\t\t\t<\/div>\n\t\t\t\t<div class=\"elementor-element elementor-element-33feae3 elementor-widget elementor-widget-text-editor\" data-id=\"33feae3\" data-element_type=\"widget\" data-e-type=\"widget\" data-widget_type=\"text-editor.default\">\n\t\t\t\t<div class=\"elementor-widget-container\">\n\t\t\t\t\t\t\t\t\t<p>Die Lebensqualit\u00e4t von Menschen mit H\u00f6rminderung kann heute dank der technologischen Entwicklung entscheidend verbessert werden. Um mit der modernen Technologie Schritt zu halten, setzen wir verst\u00e4rkt auf Information und Weiterbildung.<\/p>\t\t\t\t\t\t\t\t<\/div>\n\t\t\t\t<\/div>\n\t\t\t\t\t<\/div>\n\t\t<\/div>\n\t\t\t\t\t<\/div>\n\t\t<\/section>\n\t\t\t\t<section class=\"elementor-section elementor-top-section elementor-element elementor-element-4781de3 elementor-section-content-middle elementor-section-stretched elementor-section-boxed elementor-section-height-default elementor-section-height-default\" data-id=\"4781de3\" data-element_type=\"section\" data-e-type=\"section\" data-settings=\"{&quot;jet_parallax_layout_list&quot;:[],&quot;background_background&quot;:&quot;classic&quot;,&quot;stretch_section&quot;:&quot;section-stretched&quot;}\">\n\t\t\t\t\t\t<div class=\"elementor-container elementor-column-gap-wider\">\n\t\t\t\t\t<div class=\"elementor-column elementor-col-50 elementor-top-column elementor-element elementor-element-4cb8be0\" data-id=\"4cb8be0\" data-element_type=\"column\" data-e-type=\"column\" data-settings=\"{&quot;background_background&quot;:&quot;classic&quot;}\">\n\t\t\t<div class=\"elementor-widget-wrap elementor-element-populated\">\n\t\t\t\t\t\t<div class=\"elementor-element elementor-element-789f0ce elementor-widget elementor-widget-heading\" data-id=\"789f0ce\" data-element_type=\"widget\" data-e-type=\"widget\" data-widget_type=\"heading.default\">\n\t\t\t\t<div class=\"elementor-widget-container\">\n\t\t\t\t\t<h3 class=\"elementor-heading-title elementor-size-default\">Weiterbildung\u00a0f\u00fcr Fachpersonal<\/h3>\t\t\t\t<\/div>\n\t\t\t\t<\/div>\n\t\t\t\t<div class=\"elementor-element elementor-element-ee5fc5b elementor-widget elementor-widget-text-editor\" data-id=\"ee5fc5b\" data-element_type=\"widget\" data-e-type=\"widget\" data-widget_type=\"text-editor.default\">\n\t\t\t\t<div class=\"elementor-widget-container\">\n\t\t\t\t\t\t\t\t\t<p>Ziel von Zelger Training ist es, den Informationsaustausch im Bereich der\u00a0<strong>Vorsorge und Behandlung von H\u00f6rproblemen<\/strong>\u00a0zu f\u00f6rdern. Dabei flie\u00dfen unsere langj\u00e4hrige Erfahrung in der H\u00f6rger\u00e4teanpassung und die neuesten technisch-wissenschaftlichen Erkenntnisse mit ein. Wir bieten ein spezifisches Weiterbildungsprogramm f\u00fcr Fach\u00e4rzte, Logop\u00e4den, Audiologen und Audiometristen zur Vermittlung der neuesten Erkenntnisse \u00fcber Schwerh\u00f6rigkeit, H\u00f6rger\u00e4te-Versorgung und Rehabilitation. Das Programm kann auf\u00a0<strong>spezielle Anforderungen des Fachpersonals\u00a0<\/strong>abgestimmt werden, wobei h\u00f6chste Flexibilit\u00e4t hinsichtlich Durchf\u00fchrungsort und \u2013zeit gew\u00e4hrleistet wird.<\/p>\t\t\t\t\t\t\t\t<\/div>\n\t\t\t\t<\/div>\n\t\t\t\t\t<\/div>\n\t\t<\/div>\n\t\t\t\t<div class=\"elementor-column elementor-col-50 elementor-top-column elementor-element elementor-element-c215fca\" data-id=\"c215fca\" data-element_type=\"column\" data-e-type=\"column\" data-settings=\"{&quot;background_background&quot;:&quot;classic&quot;}\">\n\t\t\t<div class=\"elementor-widget-wrap elementor-element-populated\">\n\t\t\t\t\t\t<div class=\"elementor-element elementor-element-822c415 elementor-widget elementor-widget-heading\" data-id=\"822c415\" data-element_type=\"widget\" data-e-type=\"widget\" data-widget_type=\"heading.default\">\n\t\t\t\t<div class=\"elementor-widget-container\">\n\t\t\t\t\t<h3 class=\"elementor-heading-title elementor-size-default\">\u00d6ffentliche Vortr\u00e4ge<\/h3>\t\t\t\t<\/div>\n\t\t\t\t<\/div>\n\t\t\t\t<div class=\"elementor-element elementor-element-effc375 elementor-widget elementor-widget-text-editor\" data-id=\"effc375\" data-element_type=\"widget\" data-e-type=\"widget\" data-widget_type=\"text-editor.default\">\n\t\t\t\t<div class=\"elementor-widget-container\">\n\t\t\t\t\t\t\t\t\t<p>Immer mehr Menschen sind von alters- und l\u00e4rmbedingter Schwerh\u00f6rigkeit betroffen. Zu viele greifen erst dann zu H\u00f6rsystemen, wenn das H\u00f6ren l\u00e4ngst verlernt worden ist. Eine fr\u00fchzeitige Behandlung steigert den <strong>H\u00f6rerfolg<\/strong> und beugt den sozialen, psychischen und physischen Folgen eines H\u00f6rverlustes vor. Deshalb wollen wir gezielt \u00fcber die <strong>Bedeutung des Geh\u00f6rs aufkl\u00e4ren <\/strong>und H\u00f6rbewusstsein in der Bev\u00f6lkerung st\u00e4rker verankern.<\/p>\t\t\t\t\t\t\t\t<\/div>\n\t\t\t\t<\/div>\n\t\t\t\t\t<\/div>\n\t\t<\/div>\n\t\t\t\t\t<\/div>\n\t\t<\/section>\n\t\t\t\t<section class=\"elementor-section elementor-top-section elementor-element elementor-element-54d35f7 elementor-section-content-middle elementor-section-stretched elementor-section-boxed elementor-section-height-default elementor-section-height-default\" data-id=\"54d35f7\" data-element_type=\"section\" data-e-type=\"section\" data-settings=\"{&quot;jet_parallax_layout_list&quot;:[],&quot;background_background&quot;:&quot;classic&quot;,&quot;stretch_section&quot;:&quot;section-stretched&quot;}\">\n\t\t\t\t\t\t<div class=\"elementor-container elementor-column-gap-wider\">\n\t\t\t\t\t<div class=\"elementor-column elementor-col-50 elementor-top-column elementor-element elementor-element-11d9068\" data-id=\"11d9068\" data-element_type=\"column\" data-e-type=\"column\">\n\t\t\t<div class=\"elementor-widget-wrap elementor-element-populated\">\n\t\t\t\t\t\t<div class=\"elementor-element elementor-element-1ab8e8b elementor-widget elementor-widget-text-editor\" data-id=\"1ab8e8b\" data-element_type=\"widget\" data-e-type=\"widget\" data-widget_type=\"text-editor.default\">\n\t\t\t\t<div class=\"elementor-widget-container\">\n\t\t\t\t\t\t\t\t\t<p>Auf Anfrage halten wir Vortr\u00e4ge bei Veranstaltungen von Vereinen, Organisationen, in Schulen, \u00f6ffentlichen Strukturen oder Unternehmen. Die Inhalte reichen von allgemeinen Aspekten des H\u00f6rens, \u00fcber Symptome, Auswirkungen und Behandlung der Schwerh\u00f6rigkeit bis hin zur Vorbeugung von H\u00f6rverlust.<\/p><p>Interessiert? Kontaktieren Sie uns unter der gr\u00fcnen Nummer 800 835 825 oder <a href=\"mailto:training@zelger.it\">training@zelger.it<\/a>!<\/p>\t\t\t\t\t\t\t\t<\/div>\n\t\t\t\t<\/div>\n\t\t\t\t\t<\/div>\n\t\t<\/div>\n\t\t\t\t<div class=\"elementor-column elementor-col-50 elementor-top-column elementor-element elementor-element-68c580c\" data-id=\"68c580c\" data-element_type=\"column\" data-e-type=\"column\">\n\t\t\t<div class=\"elementor-widget-wrap elementor-element-populated\">\n\t\t\t\t\t\t<div class=\"elementor-element elementor-element-07f80ee elementor-widget elementor-widget-image\" data-id=\"07f80ee\" data-element_type=\"widget\" data-e-type=\"widget\" data-widget_type=\"image.default\">\n\t\t\t\t<div class=\"elementor-widget-container\">\n\t\t\t\t\t\t\t\t\t\t\t\t\t\t\t<img decoding=\"async\" width=\"1024\" height=\"768\" src=\"https:\/\/www.zelger.it\/wp-content\/uploads\/2024\/12\/EndoTubetto-scaled-1-1024x768.jpg\" class=\"attachment-large size-large wp-image-7682\" alt=\"\" srcset=\"https:\/\/www.zelger.it\/wp-content\/uploads\/2024\/12\/EndoTubetto-scaled-1-1024x768.jpg 1024w, https:\/\/www.zelger.it\/wp-content\/uploads\/2024\/12\/EndoTubetto-scaled-1-300x225.jpg 300w, https:\/\/www.zelger.it\/wp-content\/uploads\/2024\/12\/EndoTubetto-scaled-1-768x576.jpg 768w, https:\/\/www.zelger.it\/wp-content\/uploads\/2024\/12\/EndoTubetto-scaled-1-1536x1152.jpg 1536w, https:\/\/www.zelger.it\/wp-content\/uploads\/2024\/12\/EndoTubetto-scaled-1-2048x1536.jpg 2048w\" sizes=\"(max-width: 1024px) 100vw, 1024px\" \/>\t\t\t\t\t\t\t\t\t\t\t\t\t\t\t<\/div>\n\t\t\t\t<\/div>\n\t\t\t\t\t<\/div>\n\t\t<\/div>\n\t\t\t\t\t<\/div>\n\t\t<\/section>\n\t\t<div class=\"elementor-element elementor-element-39d4ace e-flex e-con-boxed e-con e-parent\" data-id=\"39d4ace\" data-element_type=\"container\" data-e-type=\"container\" data-settings=\"{&quot;jet_parallax_layout_list&quot;:[]}\">\n\t\t\t\t\t<div class=\"e-con-inner\">\n\t\t\t\t<div class=\"elementor-element elementor-element-d49df14 elementor-widget elementor-widget-image\" data-id=\"d49df14\" data-element_type=\"widget\" data-e-type=\"widget\" data-widget_type=\"image.default\">\n\t\t\t\t<div class=\"elementor-widget-container\">\n\t\t\t\t\t\t\t\t\t\t\t\t\t\t\t<img decoding=\"async\" width=\"2000\" height=\"1125\" src=\"https:\/\/www.zelger.it\/wp-content\/uploads\/2024\/12\/16.9-1-1-1.png\" class=\"attachment-full size-full wp-image-7458\" alt=\"\" srcset=\"https:\/\/www.zelger.it\/wp-content\/uploads\/2024\/12\/16.9-1-1-1.png 2000w, https:\/\/www.zelger.it\/wp-content\/uploads\/2024\/12\/16.9-1-1-1-300x169.png 300w, https:\/\/www.zelger.it\/wp-content\/uploads\/2024\/12\/16.9-1-1-1-1024x576.png 1024w, https:\/\/www.zelger.it\/wp-content\/uploads\/2024\/12\/16.9-1-1-1-768x432.png 768w, https:\/\/www.zelger.it\/wp-content\/uploads\/2024\/12\/16.9-1-1-1-1536x864.png 1536w\" sizes=\"(max-width: 2000px) 100vw, 2000px\" \/>\t\t\t\t\t\t\t\t\t\t\t\t\t\t\t<\/div>\n\t\t\t\t<\/div>\n\t\t\t\t\t<\/div>\n\t\t\t\t<\/div>\n\t\t\t\t<\/div>\n\t\t","protected":false},"excerpt":{"rendered":"<p>ZELGER TRAINING Die Lebensqualit\u00e4t von Menschen mit H\u00f6rminderung kann heute dank der technologischen Entwicklung entscheidend verbessert werden. Um mit der modernen Technologie Schritt zu halten, setzen wir verst\u00e4rkt auf Information und Weiterbildung. Weiterbildung\u00a0f\u00fcr Fachpersonal Ziel von Zelger Training ist es, den Informationsaustausch im Bereich der\u00a0Vorsorge und Behandlung von H\u00f6rproblemen\u00a0zu f\u00f6rdern. Dabei flie\u00dfen unsere langj\u00e4hrige Erfahrung [&hellip;]<\/p>\n","protected":false},"author":2,"featured_media":0,"parent":4814,"menu_order":0,"comment_status":"closed","ping_status":"closed","template":"","meta":{"site-sidebar-layout":"no-sidebar","site-content-layout":"page-builder","ast-site-content-layout":"default","site-content-style":"default","site-sidebar-style":"default","ast-global-header-display":"","ast-banner-title-visibility":"","ast-main-header-display":"","ast-hfb-above-header-display":"","ast-hfb-below-header-display":"","ast-hfb-mobile-header-display":"","site-post-title":"disabled","ast-breadcrumbs-content":"","ast-featured-img":"disabled","footer-sml-layout":"","ast-disable-related-posts":"","theme-transparent-header-meta":"","adv-header-id-meta":"","stick-header-meta":"","header-above-stick-meta":"","header-main-stick-meta":"","header-below-stick-meta":"","astra-migrate-meta-layouts":"set","ast-page-background-enabled":"default","ast-page-background-meta":{"desktop":{"background-color":"var(--ast-global-color-4)","background-image":"","background-repeat":"repeat","background-position":"center center","background-size":"auto","background-attachment":"scroll","background-type":"","background-media":"","overlay-type":"","overlay-color":"","overlay-opacity":"","overlay-gradient":""},"tablet":{"background-color":"","background-image":"","background-repeat":"repeat","background-position":"center center","background-size":"auto","background-attachment":"scroll","background-type":"","background-media":"","overlay-type":"","overlay-color":"","overlay-opacity":"","overlay-gradient":""},"mobile":{"background-color":"","background-image":"","background-repeat":"repeat","background-position":"center center","background-size":"auto","background-attachment":"scroll","background-type":"","background-media":"","overlay-type":"","overlay-color":"","overlay-opacity":"","overlay-gradient":""}},"ast-content-background-meta":{"desktop":{"background-color":"var(--ast-global-color-5)","background-image":"","background-repeat":"repeat","background-position":"center center","background-size":"auto","background-attachment":"scroll","background-type":"","background-media":"","overlay-type":"","overlay-color":"","overlay-opacity":"","overlay-gradient":""},"tablet":{"background-color":"var(--ast-global-color-5)","background-image":"","background-repeat":"repeat","background-position":"center center","background-size":"auto","background-attachment":"scroll","background-type":"","background-media":"","overlay-type":"","overlay-color":"","overlay-opacity":"","overlay-gradient":""},"mobile":{"background-color":"var(--ast-global-color-5)","background-image":"","background-repeat":"repeat","background-position":"center center","background-size":"auto","background-attachment":"scroll","background-type":"","background-media":"","overlay-type":"","overlay-color":"","overlay-opacity":"","overlay-gradient":""}},"footnotes":""},"class_list":["post-5218","page","type-page","status-publish","hentry"],"yoast_head":"<!-- This site is optimized with the Yoast SEO plugin v27.3 - https:\/\/yoast.com\/product\/yoast-seo-wordpress\/ -->\n<title>Zelger Training - Zelger - Ihre H\u00f6rexperten<\/title>\n<meta name=\"robots\" content=\"index, follow, max-snippet:-1, max-image-preview:large, max-video-preview:-1\" \/>\n<link rel=\"canonical\" href=\"https:\/\/www.zelger.it\/scopri-zelger\/zelger-training\/\" \/>\n<meta property=\"og:locale\" content=\"de_DE\" \/>\n<meta property=\"og:type\" content=\"article\" \/>\n<meta property=\"og:title\" content=\"Zelger Training - Zelger - Ihre H\u00f6rexperten\" \/>\n<meta property=\"og:description\" content=\"ZELGER TRAINING Die Lebensqualit\u00e4t von Menschen mit H\u00f6rminderung kann heute dank der technologischen Entwicklung entscheidend verbessert werden. Um mit der modernen Technologie Schritt zu halten, setzen wir verst\u00e4rkt auf Information und Weiterbildung. Weiterbildung\u00a0f\u00fcr Fachpersonal Ziel von Zelger Training ist es, den Informationsaustausch im Bereich der\u00a0Vorsorge und Behandlung von H\u00f6rproblemen\u00a0zu f\u00f6rdern. Dabei flie\u00dfen unsere langj\u00e4hrige Erfahrung [&hellip;]\" \/>\n<meta property=\"og:url\" content=\"https:\/\/www.zelger.it\/scopri-zelger\/zelger-training\/\" \/>\n<meta property=\"og:site_name\" content=\"Zelger - Ihre H\u00f6rexperten\" \/>\n<meta property=\"article:publisher\" content=\"https:\/\/www.facebook.com\/zelger.it\" \/>\n<meta property=\"article:modified_time\" content=\"2026-02-01T06:26:38+00:00\" \/>\n<meta property=\"og:image\" content=\"https:\/\/www.zelger.it\/wp-content\/uploads\/2026\/01\/BannerZelger-scaled-1-1.webp\" \/>\n\t<meta property=\"og:image:width\" content=\"1400\" \/>\n\t<meta property=\"og:image:height\" content=\"788\" \/>\n\t<meta property=\"og:image:type\" content=\"image\/webp\" \/>\n<meta name=\"twitter:card\" content=\"summary_large_image\" \/>\n<meta name=\"twitter:label1\" content=\"Gesch\u00e4tzte Lesezeit\" \/>\n\t<meta name=\"twitter:data1\" content=\"2\u00a0Minuten\" \/>\n<script type=\"application\/ld+json\" class=\"yoast-schema-graph\">{\"@context\":\"https:\\\/\\\/schema.org\",\"@graph\":[{\"@type\":\"WebPage\",\"@id\":\"https:\\\/\\\/www.zelger.it\\\/scopri-zelger\\\/zelger-training\\\/\",\"url\":\"https:\\\/\\\/www.zelger.it\\\/scopri-zelger\\\/zelger-training\\\/\",\"name\":\"Zelger Training - Zelger - Ihre H\u00f6rexperten\",\"isPartOf\":{\"@id\":\"https:\\\/\\\/www.zelger.it\\\/de\\\/#website\"},\"primaryImageOfPage\":{\"@id\":\"https:\\\/\\\/www.zelger.it\\\/scopri-zelger\\\/zelger-training\\\/#primaryimage\"},\"image\":{\"@id\":\"https:\\\/\\\/www.zelger.it\\\/scopri-zelger\\\/zelger-training\\\/#primaryimage\"},\"thumbnailUrl\":\"https:\\\/\\\/www.zelger.it\\\/wp-content\\\/uploads\\\/2026\\\/01\\\/BannerZelger-scaled-1-1-1024x576.webp\",\"datePublished\":\"2023-05-10T15:28:05+00:00\",\"dateModified\":\"2026-02-01T06:26:38+00:00\",\"breadcrumb\":{\"@id\":\"https:\\\/\\\/www.zelger.it\\\/scopri-zelger\\\/zelger-training\\\/#breadcrumb\"},\"inLanguage\":\"de\",\"potentialAction\":[{\"@type\":\"ReadAction\",\"target\":[\"https:\\\/\\\/www.zelger.it\\\/scopri-zelger\\\/zelger-training\\\/\"]}]},{\"@type\":\"ImageObject\",\"inLanguage\":\"de\",\"@id\":\"https:\\\/\\\/www.zelger.it\\\/scopri-zelger\\\/zelger-training\\\/#primaryimage\",\"url\":\"https:\\\/\\\/www.zelger.it\\\/wp-content\\\/uploads\\\/2026\\\/01\\\/BannerZelger-scaled-1-1-1024x576.webp\",\"contentUrl\":\"https:\\\/\\\/www.zelger.it\\\/wp-content\\\/uploads\\\/2026\\\/01\\\/BannerZelger-scaled-1-1-1024x576.webp\"},{\"@type\":\"BreadcrumbList\",\"@id\":\"https:\\\/\\\/www.zelger.it\\\/scopri-zelger\\\/zelger-training\\\/#breadcrumb\",\"itemListElement\":[{\"@type\":\"ListItem\",\"position\":1,\"name\":\"Home\",\"item\":\"https:\\\/\\\/www.zelger.it\\\/de\\\/\"},{\"@type\":\"ListItem\",\"position\":2,\"name\":\"Entdecken Sie Zelger\",\"item\":\"https:\\\/\\\/www.zelger.it\\\/scopri-zelger\\\/\"},{\"@type\":\"ListItem\",\"position\":3,\"name\":\"Zelger Training\"}]},{\"@type\":\"WebSite\",\"@id\":\"https:\\\/\\\/www.zelger.it\\\/de\\\/#website\",\"url\":\"https:\\\/\\\/www.zelger.it\\\/de\\\/\",\"name\":\"Zelger - Ihre H\u00f6rexperten\",\"description\":\"Apparecchi acustici da Zelger | Esperti dell\u2019udito nel Nord Italia\",\"publisher\":{\"@id\":\"https:\\\/\\\/www.zelger.it\\\/de\\\/#organization\"},\"potentialAction\":[{\"@type\":\"SearchAction\",\"target\":{\"@type\":\"EntryPoint\",\"urlTemplate\":\"https:\\\/\\\/www.zelger.it\\\/de\\\/?s={search_term_string}\"},\"query-input\":{\"@type\":\"PropertyValueSpecification\",\"valueRequired\":true,\"valueName\":\"search_term_string\"}}],\"inLanguage\":\"de\"},{\"@type\":\"Organization\",\"@id\":\"https:\\\/\\\/www.zelger.it\\\/de\\\/#organization\",\"name\":\"Zelger Srl\",\"url\":\"https:\\\/\\\/www.zelger.it\\\/de\\\/\",\"logo\":{\"@type\":\"ImageObject\",\"inLanguage\":\"de\",\"@id\":\"https:\\\/\\\/www.zelger.it\\\/de\\\/#\\\/schema\\\/logo\\\/image\\\/\",\"url\":\"https:\\\/\\\/www.zelger.it\\\/wp-content\\\/uploads\\\/2023\\\/03\\\/Logo_it.svg\",\"contentUrl\":\"https:\\\/\\\/www.zelger.it\\\/wp-content\\\/uploads\\\/2023\\\/03\\\/Logo_it.svg\",\"caption\":\"Zelger Srl\"},\"image\":{\"@id\":\"https:\\\/\\\/www.zelger.it\\\/de\\\/#\\\/schema\\\/logo\\\/image\\\/\"},\"sameAs\":[\"https:\\\/\\\/www.facebook.com\\\/zelger.it\",\"https:\\\/\\\/www.youtube.com\\\/channel\\\/UCElzmntcVyuS8eWah3Ut8GA\"]}]}<\/script>\n<!-- \/ Yoast SEO plugin. -->","yoast_head_json":{"title":"Zelger Training - Zelger - Ihre H\u00f6rexperten","robots":{"index":"index","follow":"follow","max-snippet":"max-snippet:-1","max-image-preview":"max-image-preview:large","max-video-preview":"max-video-preview:-1"},"canonical":"https:\/\/www.zelger.it\/scopri-zelger\/zelger-training\/","og_locale":"de_DE","og_type":"article","og_title":"Zelger Training - Zelger - Ihre H\u00f6rexperten","og_description":"ZELGER TRAINING Die Lebensqualit\u00e4t von Menschen mit H\u00f6rminderung kann heute dank der technologischen Entwicklung entscheidend verbessert werden. Um mit der modernen Technologie Schritt zu halten, setzen wir verst\u00e4rkt auf Information und Weiterbildung. Weiterbildung\u00a0f\u00fcr Fachpersonal Ziel von Zelger Training ist es, den Informationsaustausch im Bereich der\u00a0Vorsorge und Behandlung von H\u00f6rproblemen\u00a0zu f\u00f6rdern. Dabei flie\u00dfen unsere langj\u00e4hrige Erfahrung [&hellip;]","og_url":"https:\/\/www.zelger.it\/scopri-zelger\/zelger-training\/","og_site_name":"Zelger - Ihre H\u00f6rexperten","article_publisher":"https:\/\/www.facebook.com\/zelger.it","article_modified_time":"2026-02-01T06:26:38+00:00","og_image":[{"width":1400,"height":788,"url":"https:\/\/www.zelger.it\/wp-content\/uploads\/2026\/01\/BannerZelger-scaled-1-1.webp","type":"image\/webp"}],"twitter_card":"summary_large_image","twitter_misc":{"Gesch\u00e4tzte Lesezeit":"2\u00a0Minuten"},"schema":{"@context":"https:\/\/schema.org","@graph":[{"@type":"WebPage","@id":"https:\/\/www.zelger.it\/scopri-zelger\/zelger-training\/","url":"https:\/\/www.zelger.it\/scopri-zelger\/zelger-training\/","name":"Zelger Training - Zelger - Ihre H\u00f6rexperten","isPartOf":{"@id":"https:\/\/www.zelger.it\/de\/#website"},"primaryImageOfPage":{"@id":"https:\/\/www.zelger.it\/scopri-zelger\/zelger-training\/#primaryimage"},"image":{"@id":"https:\/\/www.zelger.it\/scopri-zelger\/zelger-training\/#primaryimage"},"thumbnailUrl":"https:\/\/www.zelger.it\/wp-content\/uploads\/2026\/01\/BannerZelger-scaled-1-1-1024x576.webp","datePublished":"2023-05-10T15:28:05+00:00","dateModified":"2026-02-01T06:26:38+00:00","breadcrumb":{"@id":"https:\/\/www.zelger.it\/scopri-zelger\/zelger-training\/#breadcrumb"},"inLanguage":"de","potentialAction":[{"@type":"ReadAction","target":["https:\/\/www.zelger.it\/scopri-zelger\/zelger-training\/"]}]},{"@type":"ImageObject","inLanguage":"de","@id":"https:\/\/www.zelger.it\/scopri-zelger\/zelger-training\/#primaryimage","url":"https:\/\/www.zelger.it\/wp-content\/uploads\/2026\/01\/BannerZelger-scaled-1-1-1024x576.webp","contentUrl":"https:\/\/www.zelger.it\/wp-content\/uploads\/2026\/01\/BannerZelger-scaled-1-1-1024x576.webp"},{"@type":"BreadcrumbList","@id":"https:\/\/www.zelger.it\/scopri-zelger\/zelger-training\/#breadcrumb","itemListElement":[{"@type":"ListItem","position":1,"name":"Home","item":"https:\/\/www.zelger.it\/de\/"},{"@type":"ListItem","position":2,"name":"Entdecken Sie Zelger","item":"https:\/\/www.zelger.it\/scopri-zelger\/"},{"@type":"ListItem","position":3,"name":"Zelger Training"}]},{"@type":"WebSite","@id":"https:\/\/www.zelger.it\/de\/#website","url":"https:\/\/www.zelger.it\/de\/","name":"Zelger - Ihre H\u00f6rexperten","description":"Apparecchi acustici da Zelger | Esperti dell\u2019udito nel Nord Italia","publisher":{"@id":"https:\/\/www.zelger.it\/de\/#organization"},"potentialAction":[{"@type":"SearchAction","target":{"@type":"EntryPoint","urlTemplate":"https:\/\/www.zelger.it\/de\/?s={search_term_string}"},"query-input":{"@type":"PropertyValueSpecification","valueRequired":true,"valueName":"search_term_string"}}],"inLanguage":"de"},{"@type":"Organization","@id":"https:\/\/www.zelger.it\/de\/#organization","name":"Zelger Srl","url":"https:\/\/www.zelger.it\/de\/","logo":{"@type":"ImageObject","inLanguage":"de","@id":"https:\/\/www.zelger.it\/de\/#\/schema\/logo\/image\/","url":"https:\/\/www.zelger.it\/wp-content\/uploads\/2023\/03\/Logo_it.svg","contentUrl":"https:\/\/www.zelger.it\/wp-content\/uploads\/2023\/03\/Logo_it.svg","caption":"Zelger Srl"},"image":{"@id":"https:\/\/www.zelger.it\/de\/#\/schema\/logo\/image\/"},"sameAs":["https:\/\/www.facebook.com\/zelger.it","https:\/\/www.youtube.com\/channel\/UCElzmntcVyuS8eWah3Ut8GA"]}]}},"_links":{"self":[{"href":"https:\/\/www.zelger.it\/de\/wp-json\/wp\/v2\/pages\/5218","targetHints":{"allow":["GET"]}}],"collection":[{"href":"https:\/\/www.zelger.it\/de\/wp-json\/wp\/v2\/pages"}],"about":[{"href":"https:\/\/www.zelger.it\/de\/wp-json\/wp\/v2\/types\/page"}],"author":[{"embeddable":true,"href":"https:\/\/www.zelger.it\/de\/wp-json\/wp\/v2\/users\/2"}],"replies":[{"embeddable":true,"href":"https:\/\/www.zelger.it\/de\/wp-json\/wp\/v2\/comments?post=5218"}],"version-history":[{"count":6,"href":"https:\/\/www.zelger.it\/de\/wp-json\/wp\/v2\/pages\/5218\/revisions"}],"predecessor-version":[{"id":13773,"href":"https:\/\/www.zelger.it\/de\/wp-json\/wp\/v2\/pages\/5218\/revisions\/13773"}],"up":[{"embeddable":true,"href":"https:\/\/www.zelger.it\/de\/wp-json\/wp\/v2\/pages\/4814"}],"wp:attachment":[{"href":"https:\/\/www.zelger.it\/de\/wp-json\/wp\/v2\/media?parent=5218"}],"curies":[{"name":"wp","href":"https:\/\/api.w.org\/{rel}","templated":true}]}}