{"id":5141,"date":"2023-05-05T14:48:50","date_gmt":"2023-05-05T12:48:50","guid":{"rendered":"https:\/\/zelger.it\/was-wir-anbieten\/adattamento-apparecchi\/"},"modified":"2023-09-09T10:17:07","modified_gmt":"2023-09-09T08:17:07","slug":"horgerate-anpassung","status":"publish","type":"page","link":"https:\/\/www.zelger.it\/de\/was-wir-anbieten\/horgerate-anpassung\/","title":{"rendered":"H\u00f6rger\u00e4te-Anpassung"},"content":{"rendered":"\t\t<div data-elementor-type=\"wp-page\" data-elementor-id=\"5141\" class=\"elementor elementor-5141 elementor-2866\" data-elementor-post-type=\"page\">\n\t\t\t\t\t\t<section class=\"elementor-section elementor-top-section elementor-element elementor-element-6725458 elementor-section-height-min-height elementor-section-boxed elementor-section-height-default elementor-section-items-middle\" data-id=\"6725458\" data-element_type=\"section\" data-e-type=\"section\" data-settings=\"{&quot;jet_parallax_layout_list&quot;:[],&quot;background_background&quot;:&quot;classic&quot;}\">\n\t\t\t\t\t\t\t<div class=\"elementor-background-overlay\"><\/div>\n\t\t\t\t\t\t\t<div class=\"elementor-container elementor-column-gap-default\">\n\t\t\t\t\t<div class=\"elementor-column elementor-col-100 elementor-top-column elementor-element elementor-element-88eecaa\" data-id=\"88eecaa\" data-element_type=\"column\" data-e-type=\"column\">\n\t\t\t<div class=\"elementor-widget-wrap\">\n\t\t\t\t\t\t\t<\/div>\n\t\t<\/div>\n\t\t\t\t\t<\/div>\n\t\t<\/section>\n\t\t\t\t<section class=\"elementor-section elementor-top-section elementor-element elementor-element-77dbc15 elementor-section-boxed elementor-section-height-default elementor-section-height-default\" data-id=\"77dbc15\" data-element_type=\"section\" data-e-type=\"section\" data-settings=\"{&quot;jet_parallax_layout_list&quot;:[]}\">\n\t\t\t\t\t\t<div class=\"elementor-container elementor-column-gap-default\">\n\t\t\t\t\t<div class=\"elementor-column elementor-col-100 elementor-top-column elementor-element elementor-element-be17731\" data-id=\"be17731\" data-element_type=\"column\" data-e-type=\"column\">\n\t\t\t<div class=\"elementor-widget-wrap elementor-element-populated\">\n\t\t\t\t\t\t<div class=\"elementor-element elementor-element-5bccdb6 elementor-widget elementor-widget-heading\" data-id=\"5bccdb6\" data-element_type=\"widget\" data-e-type=\"widget\" data-widget_type=\"heading.default\">\n\t\t\t\t<div class=\"elementor-widget-container\">\n\t\t\t\t\t<h1 class=\"elementor-heading-title elementor-size-default\">h\u00f6rger\u00e4te-anpassung<\/h1>\t\t\t\t<\/div>\n\t\t\t\t<\/div>\n\t\t\t\t<div class=\"elementor-element elementor-element-3004b3f elementor-widget elementor-widget-text-editor\" data-id=\"3004b3f\" data-element_type=\"widget\" data-e-type=\"widget\" data-widget_type=\"text-editor.default\">\n\t\t\t\t<div class=\"elementor-widget-container\">\n\t\t\t\t\t\t\t\t\t<p><strong>Schritt f\u00fcr Schritt zum H\u00f6rerfolg<br \/><\/strong>Die kontinuierliche Anpassung Ihrer H\u00f6rsysteme ist f\u00fcr die Erzielung der gew\u00fcnschten H\u00f6rverbesserung von grundlegender Bedeutung. Wir widmen diesem Prozess sehr viel Sorgfalt. Schritt f\u00fcr Schritt optimieren wir gemeinsam Ihren H\u00f6rerfolg. Alle Anpassungen sind f\u00fcr unsere Kunden kostenlos.<\/p>\t\t\t\t\t\t\t\t<\/div>\n\t\t\t\t<\/div>\n\t\t\t\t\t<\/div>\n\t\t<\/div>\n\t\t\t\t\t<\/div>\n\t\t<\/section>\n\t\t\t\t<section class=\"elementor-section elementor-top-section elementor-element elementor-element-3175923 elementor-section-content-middle elementor-section-boxed elementor-section-height-default elementor-section-height-default\" data-id=\"3175923\" data-element_type=\"section\" data-e-type=\"section\" data-settings=\"{&quot;jet_parallax_layout_list&quot;:[],&quot;background_background&quot;:&quot;classic&quot;}\">\n\t\t\t\t\t\t<div class=\"elementor-container elementor-column-gap-wider\">\n\t\t\t\t\t<div class=\"elementor-column elementor-col-50 elementor-top-column elementor-element elementor-element-74f2b8b\" data-id=\"74f2b8b\" data-element_type=\"column\" data-e-type=\"column\">\n\t\t\t<div class=\"elementor-widget-wrap elementor-element-populated\">\n\t\t\t\t\t\t<div class=\"elementor-element elementor-element-f03d416 elementor-widget elementor-widget-heading\" data-id=\"f03d416\" data-element_type=\"widget\" data-e-type=\"widget\" data-widget_type=\"heading.default\">\n\t\t\t\t<div class=\"elementor-widget-container\">\n\t\t\t\t\t<h3 class=\"elementor-heading-title elementor-size-default\">Mit Geduld und Motivation zum Ziel<\/h3>\t\t\t\t<\/div>\n\t\t\t\t<\/div>\n\t\t\t\t<div class=\"elementor-element elementor-element-840f5e8 elementor-widget elementor-widget-text-editor\" data-id=\"840f5e8\" data-element_type=\"widget\" data-e-type=\"widget\" data-widget_type=\"text-editor.default\">\n\t\t\t\t<div class=\"elementor-widget-container\">\n\t\t\t\t\t\t\t\t\t<p>Vor allem, wenn viel Zeit bis zur Behandlung des H\u00f6rverlustes vergangen ist, muss sich das Gehirn erst mit dem <strong>wiedererlangten H\u00f6rerlebnis <\/strong>vertraut machen. Wir unterst\u00fctzen Sie kontinuierlich und passen wir Ihre Ger\u00e4te stufenweise an Ihre <strong>individuellen H\u00f6rgewohnheiten <\/strong>an. <br \/><br \/>Vielleicht nehmen Sie mit Ihren H\u00f6rsystemen T\u00f6ne und Kl\u00e4nge wahr,\u00a0die lange verstummt waren, wie das Surren eines K\u00fchlschranks, das Rascheln einer Zeitung, Trittschall auf hartem Untergrund oder die eigene Stimme. Sie werden also wieder lernen m\u00fcssen, zwischen wichtigen und unwichtigen, lauten und leisen Ger\u00e4uschen zu differenzieren, also <strong>St\u00f6rschall <\/strong>(z.B. ein vorbeifahrender Zug) und <strong>Nutzschall<\/strong> (z.B. die Stimme des Nachrichtensprechers) schneller zu unterscheiden. Deshalb stellen wir Ihre H\u00f6rger\u00e4te zun\u00e4chst klanglich m\u00f6glichst angenehm ein. <br \/><br \/>Je l\u00e4nger und \u00f6fter Sie Ihre H\u00f6rsysteme schon in der <a href=\"https:\/\/zelger.it\/de\/was-wir-anbieten\/gratis-probe\/\">Probezeit<\/a> und in Ihrer gewohnten Umgebung tragen, desto schneller werden Sie sich ans H\u00f6ren\u00a0gew\u00f6hnen.\u00a0Sie werden\u00a0bald feststellen, dass sich das Verstehen weiter optimieren l\u00e4sst, sodass wir bei weiteren Anpassterminen Ihre H\u00f6rger\u00e4te auf mehr <strong>Sprachverst\u00e4ndlichkeit<\/strong> einstellen k\u00f6nnen. <\/p>\t\t\t\t\t\t\t\t<\/div>\n\t\t\t\t<\/div>\n\t\t\t\t\t<\/div>\n\t\t<\/div>\n\t\t\t\t<div class=\"elementor-column elementor-col-50 elementor-top-column elementor-element elementor-element-fa44e89\" data-id=\"fa44e89\" data-element_type=\"column\" data-e-type=\"column\">\n\t\t\t<div class=\"elementor-widget-wrap elementor-element-populated\">\n\t\t\t\t\t\t<div class=\"elementor-element elementor-element-6062843 elementor-widget elementor-widget-image\" data-id=\"6062843\" data-element_type=\"widget\" data-e-type=\"widget\" data-widget_type=\"image.default\">\n\t\t\t\t<div class=\"elementor-widget-container\">\n\t\t\t\t\t\t\t\t\t\t\t\t\t\t\t<img fetchpriority=\"high\" decoding=\"async\" width=\"1024\" height=\"683\" src=\"https:\/\/www.zelger.it\/wp-content\/uploads\/2023\/04\/Zelger_06-min-1024x683.jpg\" class=\"attachment-large size-large wp-image-4087\" alt=\"\" srcset=\"https:\/\/www.zelger.it\/wp-content\/uploads\/2023\/04\/Zelger_06-min-1024x683.jpg 1024w, https:\/\/www.zelger.it\/wp-content\/uploads\/2023\/04\/Zelger_06-min-300x200.jpg 300w, https:\/\/www.zelger.it\/wp-content\/uploads\/2023\/04\/Zelger_06-min-768x512.jpg 768w, https:\/\/www.zelger.it\/wp-content\/uploads\/2023\/04\/Zelger_06-min.jpg 1350w\" sizes=\"(max-width: 1024px) 100vw, 1024px\" \/>\t\t\t\t\t\t\t\t\t\t\t\t\t\t\t<\/div>\n\t\t\t\t<\/div>\n\t\t\t\t\t<\/div>\n\t\t<\/div>\n\t\t\t\t\t<\/div>\n\t\t<\/section>\n\t\t\t\t<section class=\"elementor-section elementor-top-section elementor-element elementor-element-30b3cf0 elementor-section-content-middle elementor-section-boxed elementor-section-height-default elementor-section-height-default\" data-id=\"30b3cf0\" data-element_type=\"section\" data-e-type=\"section\" data-settings=\"{&quot;jet_parallax_layout_list&quot;:[]}\">\n\t\t\t\t\t\t<div class=\"elementor-container elementor-column-gap-wider\">\n\t\t\t\t\t<div class=\"elementor-column elementor-col-50 elementor-top-column elementor-element elementor-element-1393cda\" data-id=\"1393cda\" data-element_type=\"column\" data-e-type=\"column\">\n\t\t\t<div class=\"elementor-widget-wrap elementor-element-populated\">\n\t\t\t\t\t\t<div class=\"elementor-element elementor-element-aa9b9d1 elementor-widget elementor-widget-image\" data-id=\"aa9b9d1\" data-element_type=\"widget\" data-e-type=\"widget\" data-widget_type=\"image.default\">\n\t\t\t\t<div class=\"elementor-widget-container\">\n\t\t\t\t\t\t\t\t\t\t\t\t\t\t\t<img decoding=\"async\" width=\"1024\" height=\"683\" src=\"https:\/\/www.zelger.it\/wp-content\/uploads\/2023\/05\/Zelger_26-min-1024x683.jpg\" class=\"attachment-large size-large wp-image-4273\" alt=\"\" srcset=\"https:\/\/www.zelger.it\/wp-content\/uploads\/2023\/05\/Zelger_26-min-1024x683.jpg 1024w, https:\/\/www.zelger.it\/wp-content\/uploads\/2023\/05\/Zelger_26-min-300x200.jpg 300w, https:\/\/www.zelger.it\/wp-content\/uploads\/2023\/05\/Zelger_26-min-768x512.jpg 768w, https:\/\/www.zelger.it\/wp-content\/uploads\/2023\/05\/Zelger_26-min.jpg 1350w\" sizes=\"(max-width: 1024px) 100vw, 1024px\" \/>\t\t\t\t\t\t\t\t\t\t\t\t\t\t\t<\/div>\n\t\t\t\t<\/div>\n\t\t\t\t\t<\/div>\n\t\t<\/div>\n\t\t\t\t<div class=\"elementor-column elementor-col-50 elementor-top-column elementor-element elementor-element-8661fe7\" data-id=\"8661fe7\" data-element_type=\"column\" data-e-type=\"column\">\n\t\t\t<div class=\"elementor-widget-wrap elementor-element-populated\">\n\t\t\t\t\t\t<div class=\"elementor-element elementor-element-56557af elementor-widget elementor-widget-heading\" data-id=\"56557af\" data-element_type=\"widget\" data-e-type=\"widget\" data-widget_type=\"heading.default\">\n\t\t\t\t<div class=\"elementor-widget-container\">\n\t\t\t\t\t<h3 class=\"elementor-heading-title elementor-size-default\"> Kostenlose Anpasstermine<\/h3>\t\t\t\t<\/div>\n\t\t\t\t<\/div>\n\t\t\t\t<div class=\"elementor-element elementor-element-5e94c4d elementor-widget elementor-widget-text-editor\" data-id=\"5e94c4d\" data-element_type=\"widget\" data-e-type=\"widget\" data-widget_type=\"text-editor.default\">\n\t\t\t\t<div class=\"elementor-widget-container\">\n\t\t\t\t\t\t\t\t\t<p>W\u00e4hrend des ersten Monats ist ein w\u00f6chentliches Treffen erforderlich, um den H\u00f6rerfolg zu \u00fcberpr\u00fcfen und die Ger\u00e4te entsprechend nachzujustieren. Weitere Anpasstermine sind nach drei bis sechs Monaten notwendig. Nach der Gew\u00f6hnungsphase reicht eine j\u00e4hrliche Kontrolle aus.<\/p><p>Unsere Kunden k\u00f6nnen sich selbstverst\u00e4ndlich jederzeit an uns wenden!<\/p>\t\t\t\t\t\t\t\t<\/div>\n\t\t\t\t<\/div>\n\t\t\t\t<div class=\"elementor-element elementor-element-6d2fcaa elementor-widget elementor-widget-button\" data-id=\"6d2fcaa\" data-element_type=\"widget\" data-e-type=\"widget\" data-widget_type=\"button.default\">\n\t\t\t\t<div class=\"elementor-widget-container\">\n\t\t\t\t\t\t\t\t\t<div class=\"elementor-button-wrapper\">\n\t\t\t\t\t<a class=\"elementor-button elementor-button-link elementor-size-sm\" href=\"https:\/\/zelger.it\/de\/zelger-center\/\">\n\t\t\t\t\t\t<span class=\"elementor-button-content-wrapper\">\n\t\t\t\t\t\t<span class=\"elementor-button-icon\">\n\t\t\t\t<svg xmlns=\"http:\/\/www.w3.org\/2000\/svg\" id=\"uuid-7a44b752-08c5-408a-a005-d6a5e9309c1e\" viewBox=\"0 0 13.9 13.9\"><path d=\"m6,13.9V0h1.9v13.9h-1.9ZM0,7.9v-1.9h13.9v1.9H0Z\"><\/path><\/svg>\t\t\t<\/span>\n\t\t\t\t\t\t\t\t\t<span class=\"elementor-button-text\">ZELGER IN IHRER N\u00c4HE<\/span>\n\t\t\t\t\t<\/span>\n\t\t\t\t\t<\/a>\n\t\t\t\t<\/div>\n\t\t\t\t\t\t\t\t<\/div>\n\t\t\t\t<\/div>\n\t\t\t\t\t<\/div>\n\t\t<\/div>\n\t\t\t\t\t<\/div>\n\t\t<\/section>\n\t\t\t\t<\/div>\n\t\t","protected":false},"excerpt":{"rendered":"<p>h\u00f6rger\u00e4te-anpassung Schritt f\u00fcr Schritt zum H\u00f6rerfolgDie kontinuierliche Anpassung Ihrer H\u00f6rsysteme ist f\u00fcr die Erzielung der gew\u00fcnschten H\u00f6rverbesserung von grundlegender Bedeutung. Wir widmen diesem Prozess sehr viel Sorgfalt. Schritt f\u00fcr Schritt optimieren wir gemeinsam Ihren H\u00f6rerfolg. Alle Anpassungen sind f\u00fcr unsere Kunden kostenlos. Mit Geduld und Motivation zum Ziel Vor allem, wenn viel Zeit bis zur [&hellip;]<\/p>\n","protected":false},"author":2,"featured_media":0,"parent":5103,"menu_order":0,"comment_status":"closed","ping_status":"closed","template":"","meta":{"site-sidebar-layout":"no-sidebar","site-content-layout":"page-builder","ast-site-content-layout":"full-width-container","site-content-style":"unboxed","site-sidebar-style":"unboxed","ast-global-header-display":"","ast-banner-title-visibility":"","ast-main-header-display":"","ast-hfb-above-header-display":"","ast-hfb-below-header-display":"","ast-hfb-mobile-header-display":"","site-post-title":"disabled","ast-breadcrumbs-content":"","ast-featured-img":"disabled","footer-sml-layout":"","ast-disable-related-posts":"","theme-transparent-header-meta":"","adv-header-id-meta":"","stick-header-meta":"","header-above-stick-meta":"","header-main-stick-meta":"","header-below-stick-meta":"","astra-migrate-meta-layouts":"set","ast-page-background-enabled":"default","ast-page-background-meta":{"desktop":{"background-color":"var(--ast-global-color-4)","background-image":"","background-repeat":"repeat","background-position":"center center","background-size":"auto","background-attachment":"scroll","background-type":"","background-media":"","overlay-type":"","overlay-color":"","overlay-opacity":"","overlay-gradient":""},"tablet":{"background-color":"","background-image":"","background-repeat":"repeat","background-position":"center center","background-size":"auto","background-attachment":"scroll","background-type":"","background-media":"","overlay-type":"","overlay-color":"","overlay-opacity":"","overlay-gradient":""},"mobile":{"background-color":"","background-image":"","background-repeat":"repeat","background-position":"center center","background-size":"auto","background-attachment":"scroll","background-type":"","background-media":"","overlay-type":"","overlay-color":"","overlay-opacity":"","overlay-gradient":""}},"ast-content-background-meta":{"desktop":{"background-color":"var(--ast-global-color-5)","background-image":"","background-repeat":"repeat","background-position":"center center","background-size":"auto","background-attachment":"scroll","background-type":"","background-media":"","overlay-type":"","overlay-color":"","overlay-opacity":"","overlay-gradient":""},"tablet":{"background-color":"var(--ast-global-color-5)","background-image":"","background-repeat":"repeat","background-position":"center center","background-size":"auto","background-attachment":"scroll","background-type":"","background-media":"","overlay-type":"","overlay-color":"","overlay-opacity":"","overlay-gradient":""},"mobile":{"background-color":"var(--ast-global-color-5)","background-image":"","background-repeat":"repeat","background-position":"center center","background-size":"auto","background-attachment":"scroll","background-type":"","background-media":"","overlay-type":"","overlay-color":"","overlay-opacity":"","overlay-gradient":""}},"footnotes":""},"class_list":["post-5141","page","type-page","status-publish","hentry"],"yoast_head":"<!-- This site is optimized with the Yoast SEO plugin v27.4 - https:\/\/yoast.com\/product\/yoast-seo-wordpress\/ -->\n<title>H\u00f6rger\u00e4te-Anpassung - Zelger - Ihre H\u00f6rexperten<\/title>\n<meta name=\"robots\" content=\"index, follow, max-snippet:-1, max-image-preview:large, max-video-preview:-1\" \/>\n<link rel=\"canonical\" href=\"https:\/\/www.zelger.it\/cosa-offriamo\/adattamento-apparecchi\/\" \/>\n<meta property=\"og:locale\" content=\"de_DE\" \/>\n<meta property=\"og:type\" content=\"article\" \/>\n<meta property=\"og:title\" content=\"H\u00f6rger\u00e4te-Anpassung - Zelger - Ihre H\u00f6rexperten\" \/>\n<meta property=\"og:description\" content=\"h\u00f6rger\u00e4te-anpassung Schritt f\u00fcr Schritt zum H\u00f6rerfolgDie kontinuierliche Anpassung Ihrer H\u00f6rsysteme ist f\u00fcr die Erzielung der gew\u00fcnschten H\u00f6rverbesserung von grundlegender Bedeutung. Wir widmen diesem Prozess sehr viel Sorgfalt. Schritt f\u00fcr Schritt optimieren wir gemeinsam Ihren H\u00f6rerfolg. Alle Anpassungen sind f\u00fcr unsere Kunden kostenlos. Mit Geduld und Motivation zum Ziel Vor allem, wenn viel Zeit bis zur [&hellip;]\" \/>\n<meta property=\"og:url\" content=\"https:\/\/www.zelger.it\/cosa-offriamo\/adattamento-apparecchi\/\" \/>\n<meta property=\"og:site_name\" content=\"Zelger - Ihre H\u00f6rexperten\" \/>\n<meta property=\"article:publisher\" content=\"https:\/\/www.facebook.com\/zelger.it\" \/>\n<meta property=\"article:modified_time\" content=\"2023-09-09T08:17:07+00:00\" \/>\n<meta property=\"og:image\" content=\"http:\/\/zelger.it\/wp-content\/uploads\/2023\/04\/Zelger_06-min-1024x683.jpg\" \/>\n<meta name=\"twitter:card\" content=\"summary_large_image\" \/>\n<meta name=\"twitter:label1\" content=\"Gesch\u00e4tzte Lesezeit\" \/>\n\t<meta name=\"twitter:data1\" content=\"2\u00a0Minuten\" \/>\n<script type=\"application\/ld+json\" class=\"yoast-schema-graph\">{\"@context\":\"https:\\\/\\\/schema.org\",\"@graph\":[{\"@type\":\"WebPage\",\"@id\":\"https:\\\/\\\/www.zelger.it\\\/cosa-offriamo\\\/adattamento-apparecchi\\\/\",\"url\":\"https:\\\/\\\/www.zelger.it\\\/cosa-offriamo\\\/adattamento-apparecchi\\\/\",\"name\":\"H\u00f6rger\u00e4te-Anpassung - Zelger - Ihre H\u00f6rexperten\",\"isPartOf\":{\"@id\":\"https:\\\/\\\/www.zelger.it\\\/de\\\/#website\"},\"primaryImageOfPage\":{\"@id\":\"https:\\\/\\\/www.zelger.it\\\/cosa-offriamo\\\/adattamento-apparecchi\\\/#primaryimage\"},\"image\":{\"@id\":\"https:\\\/\\\/www.zelger.it\\\/cosa-offriamo\\\/adattamento-apparecchi\\\/#primaryimage\"},\"thumbnailUrl\":\"http:\\\/\\\/zelger.it\\\/wp-content\\\/uploads\\\/2023\\\/04\\\/Zelger_06-min-1024x683.jpg\",\"datePublished\":\"2023-05-05T12:48:50+00:00\",\"dateModified\":\"2023-09-09T08:17:07+00:00\",\"breadcrumb\":{\"@id\":\"https:\\\/\\\/www.zelger.it\\\/cosa-offriamo\\\/adattamento-apparecchi\\\/#breadcrumb\"},\"inLanguage\":\"de\",\"potentialAction\":[{\"@type\":\"ReadAction\",\"target\":[\"https:\\\/\\\/www.zelger.it\\\/cosa-offriamo\\\/adattamento-apparecchi\\\/\"]}]},{\"@type\":\"ImageObject\",\"inLanguage\":\"de\",\"@id\":\"https:\\\/\\\/www.zelger.it\\\/cosa-offriamo\\\/adattamento-apparecchi\\\/#primaryimage\",\"url\":\"http:\\\/\\\/zelger.it\\\/wp-content\\\/uploads\\\/2023\\\/04\\\/Zelger_06-min-1024x683.jpg\",\"contentUrl\":\"http:\\\/\\\/zelger.it\\\/wp-content\\\/uploads\\\/2023\\\/04\\\/Zelger_06-min-1024x683.jpg\"},{\"@type\":\"BreadcrumbList\",\"@id\":\"https:\\\/\\\/www.zelger.it\\\/cosa-offriamo\\\/adattamento-apparecchi\\\/#breadcrumb\",\"itemListElement\":[{\"@type\":\"ListItem\",\"position\":1,\"name\":\"Home\",\"item\":\"https:\\\/\\\/www.zelger.it\\\/de\\\/\"},{\"@type\":\"ListItem\",\"position\":2,\"name\":\"Unsere Dienstleistungen\",\"item\":\"https:\\\/\\\/www.zelger.it\\\/cosa-offriamo\\\/\"},{\"@type\":\"ListItem\",\"position\":3,\"name\":\"H\u00f6rger\u00e4te-Anpassung\"}]},{\"@type\":\"WebSite\",\"@id\":\"https:\\\/\\\/www.zelger.it\\\/de\\\/#website\",\"url\":\"https:\\\/\\\/www.zelger.it\\\/de\\\/\",\"name\":\"Zelger - Ihre H\u00f6rexperten\",\"description\":\"Apparecchi acustici da Zelger | Esperti dell\u2019udito nel Nord Italia\",\"publisher\":{\"@id\":\"https:\\\/\\\/www.zelger.it\\\/de\\\/#organization\"},\"potentialAction\":[{\"@type\":\"SearchAction\",\"target\":{\"@type\":\"EntryPoint\",\"urlTemplate\":\"https:\\\/\\\/www.zelger.it\\\/de\\\/?s={search_term_string}\"},\"query-input\":{\"@type\":\"PropertyValueSpecification\",\"valueRequired\":true,\"valueName\":\"search_term_string\"}}],\"inLanguage\":\"de\"},{\"@type\":\"Organization\",\"@id\":\"https:\\\/\\\/www.zelger.it\\\/de\\\/#organization\",\"name\":\"Zelger Srl\",\"url\":\"https:\\\/\\\/www.zelger.it\\\/de\\\/\",\"logo\":{\"@type\":\"ImageObject\",\"inLanguage\":\"de\",\"@id\":\"https:\\\/\\\/www.zelger.it\\\/de\\\/#\\\/schema\\\/logo\\\/image\\\/\",\"url\":\"https:\\\/\\\/www.zelger.it\\\/wp-content\\\/uploads\\\/2023\\\/03\\\/Logo_it.svg\",\"contentUrl\":\"https:\\\/\\\/www.zelger.it\\\/wp-content\\\/uploads\\\/2023\\\/03\\\/Logo_it.svg\",\"caption\":\"Zelger Srl\"},\"image\":{\"@id\":\"https:\\\/\\\/www.zelger.it\\\/de\\\/#\\\/schema\\\/logo\\\/image\\\/\"},\"sameAs\":[\"https:\\\/\\\/www.facebook.com\\\/zelger.it\",\"https:\\\/\\\/www.youtube.com\\\/channel\\\/UCElzmntcVyuS8eWah3Ut8GA\"]}]}<\/script>\n<!-- \/ Yoast SEO plugin. -->","yoast_head_json":{"title":"H\u00f6rger\u00e4te-Anpassung - Zelger - Ihre H\u00f6rexperten","robots":{"index":"index","follow":"follow","max-snippet":"max-snippet:-1","max-image-preview":"max-image-preview:large","max-video-preview":"max-video-preview:-1"},"canonical":"https:\/\/www.zelger.it\/cosa-offriamo\/adattamento-apparecchi\/","og_locale":"de_DE","og_type":"article","og_title":"H\u00f6rger\u00e4te-Anpassung - Zelger - Ihre H\u00f6rexperten","og_description":"h\u00f6rger\u00e4te-anpassung Schritt f\u00fcr Schritt zum H\u00f6rerfolgDie kontinuierliche Anpassung Ihrer H\u00f6rsysteme ist f\u00fcr die Erzielung der gew\u00fcnschten H\u00f6rverbesserung von grundlegender Bedeutung. Wir widmen diesem Prozess sehr viel Sorgfalt. Schritt f\u00fcr Schritt optimieren wir gemeinsam Ihren H\u00f6rerfolg. Alle Anpassungen sind f\u00fcr unsere Kunden kostenlos. Mit Geduld und Motivation zum Ziel Vor allem, wenn viel Zeit bis zur [&hellip;]","og_url":"https:\/\/www.zelger.it\/cosa-offriamo\/adattamento-apparecchi\/","og_site_name":"Zelger - Ihre H\u00f6rexperten","article_publisher":"https:\/\/www.facebook.com\/zelger.it","article_modified_time":"2023-09-09T08:17:07+00:00","og_image":[{"url":"http:\/\/zelger.it\/wp-content\/uploads\/2023\/04\/Zelger_06-min-1024x683.jpg","type":"","width":"","height":""}],"twitter_card":"summary_large_image","twitter_misc":{"Gesch\u00e4tzte Lesezeit":"2\u00a0Minuten"},"schema":{"@context":"https:\/\/schema.org","@graph":[{"@type":"WebPage","@id":"https:\/\/www.zelger.it\/cosa-offriamo\/adattamento-apparecchi\/","url":"https:\/\/www.zelger.it\/cosa-offriamo\/adattamento-apparecchi\/","name":"H\u00f6rger\u00e4te-Anpassung - Zelger - Ihre H\u00f6rexperten","isPartOf":{"@id":"https:\/\/www.zelger.it\/de\/#website"},"primaryImageOfPage":{"@id":"https:\/\/www.zelger.it\/cosa-offriamo\/adattamento-apparecchi\/#primaryimage"},"image":{"@id":"https:\/\/www.zelger.it\/cosa-offriamo\/adattamento-apparecchi\/#primaryimage"},"thumbnailUrl":"http:\/\/zelger.it\/wp-content\/uploads\/2023\/04\/Zelger_06-min-1024x683.jpg","datePublished":"2023-05-05T12:48:50+00:00","dateModified":"2023-09-09T08:17:07+00:00","breadcrumb":{"@id":"https:\/\/www.zelger.it\/cosa-offriamo\/adattamento-apparecchi\/#breadcrumb"},"inLanguage":"de","potentialAction":[{"@type":"ReadAction","target":["https:\/\/www.zelger.it\/cosa-offriamo\/adattamento-apparecchi\/"]}]},{"@type":"ImageObject","inLanguage":"de","@id":"https:\/\/www.zelger.it\/cosa-offriamo\/adattamento-apparecchi\/#primaryimage","url":"http:\/\/zelger.it\/wp-content\/uploads\/2023\/04\/Zelger_06-min-1024x683.jpg","contentUrl":"http:\/\/zelger.it\/wp-content\/uploads\/2023\/04\/Zelger_06-min-1024x683.jpg"},{"@type":"BreadcrumbList","@id":"https:\/\/www.zelger.it\/cosa-offriamo\/adattamento-apparecchi\/#breadcrumb","itemListElement":[{"@type":"ListItem","position":1,"name":"Home","item":"https:\/\/www.zelger.it\/de\/"},{"@type":"ListItem","position":2,"name":"Unsere Dienstleistungen","item":"https:\/\/www.zelger.it\/cosa-offriamo\/"},{"@type":"ListItem","position":3,"name":"H\u00f6rger\u00e4te-Anpassung"}]},{"@type":"WebSite","@id":"https:\/\/www.zelger.it\/de\/#website","url":"https:\/\/www.zelger.it\/de\/","name":"Zelger - Ihre H\u00f6rexperten","description":"Apparecchi acustici da Zelger | Esperti dell\u2019udito nel Nord Italia","publisher":{"@id":"https:\/\/www.zelger.it\/de\/#organization"},"potentialAction":[{"@type":"SearchAction","target":{"@type":"EntryPoint","urlTemplate":"https:\/\/www.zelger.it\/de\/?s={search_term_string}"},"query-input":{"@type":"PropertyValueSpecification","valueRequired":true,"valueName":"search_term_string"}}],"inLanguage":"de"},{"@type":"Organization","@id":"https:\/\/www.zelger.it\/de\/#organization","name":"Zelger Srl","url":"https:\/\/www.zelger.it\/de\/","logo":{"@type":"ImageObject","inLanguage":"de","@id":"https:\/\/www.zelger.it\/de\/#\/schema\/logo\/image\/","url":"https:\/\/www.zelger.it\/wp-content\/uploads\/2023\/03\/Logo_it.svg","contentUrl":"https:\/\/www.zelger.it\/wp-content\/uploads\/2023\/03\/Logo_it.svg","caption":"Zelger Srl"},"image":{"@id":"https:\/\/www.zelger.it\/de\/#\/schema\/logo\/image\/"},"sameAs":["https:\/\/www.facebook.com\/zelger.it","https:\/\/www.youtube.com\/channel\/UCElzmntcVyuS8eWah3Ut8GA"]}]}},"_links":{"self":[{"href":"https:\/\/www.zelger.it\/de\/wp-json\/wp\/v2\/pages\/5141","targetHints":{"allow":["GET"]}}],"collection":[{"href":"https:\/\/www.zelger.it\/de\/wp-json\/wp\/v2\/pages"}],"about":[{"href":"https:\/\/www.zelger.it\/de\/wp-json\/wp\/v2\/types\/page"}],"author":[{"embeddable":true,"href":"https:\/\/www.zelger.it\/de\/wp-json\/wp\/v2\/users\/2"}],"replies":[{"embeddable":true,"href":"https:\/\/www.zelger.it\/de\/wp-json\/wp\/v2\/comments?post=5141"}],"version-history":[{"count":0,"href":"https:\/\/www.zelger.it\/de\/wp-json\/wp\/v2\/pages\/5141\/revisions"}],"up":[{"embeddable":true,"href":"https:\/\/www.zelger.it\/de\/wp-json\/wp\/v2\/pages\/5103"}],"wp:attachment":[{"href":"https:\/\/www.zelger.it\/de\/wp-json\/wp\/v2\/media?parent=5141"}],"curies":[{"name":"wp","href":"https:\/\/api.w.org\/{rel}","templated":true}]}}