{"id":5135,"date":"2023-05-05T15:00:40","date_gmt":"2023-05-05T13:00:40","guid":{"rendered":"https:\/\/zelger.it\/was-wir-anbieten\/sentirsi-sicuri\/"},"modified":"2023-09-09T10:12:55","modified_gmt":"2023-09-09T08:12:55","slug":"horbar-sicher","status":"publish","type":"page","link":"https:\/\/www.zelger.it\/de\/was-wir-anbieten\/horbar-sicher\/","title":{"rendered":"H\u00f6rbar sicher"},"content":{"rendered":"\t\t<div data-elementor-type=\"wp-page\" data-elementor-id=\"5135\" class=\"elementor elementor-5135 elementor-2877\" data-elementor-post-type=\"page\">\n\t\t\t\t\t\t<section class=\"elementor-section elementor-top-section elementor-element elementor-element-6725458 elementor-section-height-min-height elementor-section-boxed elementor-section-height-default elementor-section-items-middle\" data-id=\"6725458\" data-element_type=\"section\" data-e-type=\"section\" data-settings=\"{&quot;jet_parallax_layout_list&quot;:[],&quot;background_background&quot;:&quot;classic&quot;}\">\n\t\t\t\t\t\t\t<div class=\"elementor-background-overlay\"><\/div>\n\t\t\t\t\t\t\t<div class=\"elementor-container elementor-column-gap-default\">\n\t\t\t\t\t<div class=\"elementor-column elementor-col-100 elementor-top-column elementor-element elementor-element-88eecaa\" data-id=\"88eecaa\" data-element_type=\"column\" data-e-type=\"column\">\n\t\t\t<div class=\"elementor-widget-wrap elementor-element-populated\">\n\t\t\t\t\t\t<div class=\"elementor-element elementor-element-5bccdb6 elementor-widget elementor-widget-heading\" data-id=\"5bccdb6\" data-element_type=\"widget\" data-e-type=\"widget\" data-widget_type=\"heading.default\">\n\t\t\t\t<div class=\"elementor-widget-container\">\n\t\t\t\t\t<h1 class=\"elementor-heading-title elementor-size-default\">h\u00f6rbar-sicher<\/h1>\t\t\t\t<\/div>\n\t\t\t\t<\/div>\n\t\t\t\t<div class=\"elementor-element elementor-element-9e42ae9 jet-breadcrumbs-align-center elementor-widget elementor-widget-jet-breadcrumbs\" data-id=\"9e42ae9\" data-element_type=\"widget\" data-e-type=\"widget\" data-widget_type=\"jet-breadcrumbs.default\">\n\t\t\t\t<div class=\"elementor-widget-container\">\n\t\t\t\t\t<div class=\"elementor-jet-breadcrumbs jet-blocks\">\n\t\t<div class=\"jet-breadcrumbs\">\n\t\t<div class=\"jet-breadcrumbs__content\">\n\t\t<div class=\"jet-breadcrumbs__wrap\"><div class=\"jet-breadcrumbs__item\"><a href=\"https:\/\/www.zelger.it\/de\/\" class=\"jet-breadcrumbs__item-link is-home\" rel=\"home\" title=\"Home\">Home<\/a><\/div>\n\t\t<\/div>\n\t\t<\/div>\n\t\t<\/div><\/div>\t\t\t\t<\/div>\n\t\t\t\t<\/div>\n\t\t\t\t\t<\/div>\n\t\t<\/div>\n\t\t\t\t\t<\/div>\n\t\t<\/section>\n\t\t\t\t<section class=\"elementor-section elementor-top-section elementor-element elementor-element-77dbc15 elementor-section-boxed elementor-section-height-default elementor-section-height-default\" data-id=\"77dbc15\" data-element_type=\"section\" data-e-type=\"section\" data-settings=\"{&quot;jet_parallax_layout_list&quot;:[]}\">\n\t\t\t\t\t\t<div class=\"elementor-container elementor-column-gap-default\">\n\t\t\t\t\t<div class=\"elementor-column elementor-col-100 elementor-top-column elementor-element elementor-element-be17731\" data-id=\"be17731\" data-element_type=\"column\" data-e-type=\"column\">\n\t\t\t<div class=\"elementor-widget-wrap elementor-element-populated\">\n\t\t\t\t\t\t<div class=\"elementor-element elementor-element-3004b3f elementor-widget elementor-widget-text-editor\" data-id=\"3004b3f\" data-element_type=\"widget\" data-e-type=\"widget\" data-widget_type=\"text-editor.default\">\n\t\t\t\t<div class=\"elementor-widget-container\">\n\t\t\t\t\t\t\t\t\t<p><strong>Mit Garantien und Serviceleistungen von Zelger<br \/><\/strong>Sie erwarten sich von Ihren H\u00f6rsystemen die bestm\u00f6gliche Klangqualit\u00e4t. Wir wollen, dass Sie sich damit auch rundum sorglos und sicher f\u00fchlen. Deshalb bieten wir Ihnen einzigartige Garantie- und Serviceleistungen.<\/p>\t\t\t\t\t\t\t\t<\/div>\n\t\t\t\t<\/div>\n\t\t\t\t\t<\/div>\n\t\t<\/div>\n\t\t\t\t\t<\/div>\n\t\t<\/section>\n\t\t\t\t<section class=\"elementor-section elementor-top-section elementor-element elementor-element-3175923 elementor-section-content-middle elementor-section-boxed elementor-section-height-default elementor-section-height-default\" data-id=\"3175923\" data-element_type=\"section\" data-e-type=\"section\" data-settings=\"{&quot;jet_parallax_layout_list&quot;:[],&quot;background_background&quot;:&quot;classic&quot;}\">\n\t\t\t\t\t\t<div class=\"elementor-container elementor-column-gap-wider\">\n\t\t\t\t\t<div class=\"elementor-column elementor-col-50 elementor-top-column elementor-element elementor-element-74f2b8b\" data-id=\"74f2b8b\" data-element_type=\"column\" data-e-type=\"column\">\n\t\t\t<div class=\"elementor-widget-wrap elementor-element-populated\">\n\t\t\t\t\t\t<div class=\"elementor-element elementor-element-f03d416 elementor-widget elementor-widget-heading\" data-id=\"f03d416\" data-element_type=\"widget\" data-e-type=\"widget\" data-widget_type=\"heading.default\">\n\t\t\t\t<div class=\"elementor-widget-container\">\n\t\t\t\t\t<h3 class=\"elementor-heading-title elementor-size-default\">F\u00fcnf Jahre Garantie <\/h3>\t\t\t\t<\/div>\n\t\t\t\t<\/div>\n\t\t\t\t<div class=\"elementor-element elementor-element-840f5e8 elementor-widget elementor-widget-text-editor\" data-id=\"840f5e8\" data-element_type=\"widget\" data-e-type=\"widget\" data-widget_type=\"text-editor.default\">\n\t\t\t\t<div class=\"elementor-widget-container\">\n\t\t\t\t\t\t\t\t\t<p>Zur gesetzlich vorgesehenen Garantie von zwei Jahren bieten wir Ihnen <strong>zus\u00e4tzlich drei Jahre Zelger-Garantie<\/strong> f\u00fcr eine Vielzahl an H\u00f6rsystemen. Damit haben Sie eine umfassende und einzigartige Serviceleistung inklusive. <\/p>\t\t\t\t\t\t\t\t<\/div>\n\t\t\t\t<\/div>\n\t\t\t\t<div class=\"elementor-element elementor-element-ed21a87 elementor-widget elementor-widget-heading\" data-id=\"ed21a87\" data-element_type=\"widget\" data-e-type=\"widget\" data-widget_type=\"heading.default\">\n\t\t\t\t<div class=\"elementor-widget-container\">\n\t\t\t\t\t<h3 class=\"elementor-heading-title elementor-size-default\">Versicherung gegen Verlust <\/h3>\t\t\t\t<\/div>\n\t\t\t\t<\/div>\n\t\t\t\t<div class=\"elementor-element elementor-element-e06f516 elementor-widget elementor-widget-text-editor\" data-id=\"e06f516\" data-element_type=\"widget\" data-e-type=\"widget\" data-widget_type=\"text-editor.default\">\n\t\t\t\t<div class=\"elementor-widget-container\">\n\t\t\t\t\t\t\t\t\t<p>Trotz aller Vorsicht k\u00f6nnen H\u00f6rsysteme verloren gehen. Doch keine Sorge: bei Verlust oder Diebstahl\u00a0 bieten wir Ihnen verschiedene M\u00f6glichkeiten, <strong>neue und gleichwertige H\u00f6rsysteme<\/strong> gegen einen Selbstbehalt zu erwerben. Ihr H\u00f6rakustiker ber\u00e4t Sie gerne n\u00e4her zu unseren verschiedenen Leistungen!<\/p>\t\t\t\t\t\t\t\t<\/div>\n\t\t\t\t<\/div>\n\t\t\t\t<div class=\"elementor-element elementor-element-6d2fcaa elementor-widget elementor-widget-button\" data-id=\"6d2fcaa\" data-element_type=\"widget\" data-e-type=\"widget\" data-widget_type=\"button.default\">\n\t\t\t\t<div class=\"elementor-widget-container\">\n\t\t\t\t\t\t\t\t\t<div class=\"elementor-button-wrapper\">\n\t\t\t\t\t<a class=\"elementor-button elementor-button-link elementor-size-sm\" href=\"https:\/\/zelger.it\/de\/zelger-center\/\">\n\t\t\t\t\t\t<span class=\"elementor-button-content-wrapper\">\n\t\t\t\t\t\t<span class=\"elementor-button-icon\">\n\t\t\t\t<svg xmlns=\"http:\/\/www.w3.org\/2000\/svg\" id=\"uuid-7a44b752-08c5-408a-a005-d6a5e9309c1e\" viewBox=\"0 0 13.9 13.9\"><path d=\"m6,13.9V0h1.9v13.9h-1.9ZM0,7.9v-1.9h13.9v1.9H0Z\"><\/path><\/svg>\t\t\t<\/span>\n\t\t\t\t\t\t\t\t\t<span class=\"elementor-button-text\">ZELGER IN IHRER N\u00c4HE<\/span>\n\t\t\t\t\t<\/span>\n\t\t\t\t\t<\/a>\n\t\t\t\t<\/div>\n\t\t\t\t\t\t\t\t<\/div>\n\t\t\t\t<\/div>\n\t\t\t\t\t<\/div>\n\t\t<\/div>\n\t\t\t\t<div class=\"elementor-column elementor-col-50 elementor-top-column elementor-element elementor-element-fa44e89\" data-id=\"fa44e89\" data-element_type=\"column\" data-e-type=\"column\">\n\t\t\t<div class=\"elementor-widget-wrap elementor-element-populated\">\n\t\t\t\t\t\t<div class=\"elementor-element elementor-element-6062843 elementor-widget elementor-widget-image\" data-id=\"6062843\" data-element_type=\"widget\" data-e-type=\"widget\" data-widget_type=\"image.default\">\n\t\t\t\t<div class=\"elementor-widget-container\">\n\t\t\t\t\t\t\t\t\t\t\t\t\t\t\t<img fetchpriority=\"high\" decoding=\"async\" width=\"727\" height=\"474\" src=\"https:\/\/www.zelger.it\/wp-content\/uploads\/2023\/04\/formazione-professionale.jpg\" class=\"attachment-large size-large wp-image-4020\" alt=\"\" srcset=\"https:\/\/www.zelger.it\/wp-content\/uploads\/2023\/04\/formazione-professionale.jpg 727w, https:\/\/www.zelger.it\/wp-content\/uploads\/2023\/04\/formazione-professionale-300x196.jpg 300w\" sizes=\"(max-width: 727px) 100vw, 727px\" \/>\t\t\t\t\t\t\t\t\t\t\t\t\t\t\t<\/div>\n\t\t\t\t<\/div>\n\t\t\t\t\t<\/div>\n\t\t<\/div>\n\t\t\t\t\t<\/div>\n\t\t<\/section>\n\t\t\t\t<\/div>\n\t\t","protected":false},"excerpt":{"rendered":"<p>h\u00f6rbar-sicher Home Mit Garantien und Serviceleistungen von ZelgerSie erwarten sich von Ihren H\u00f6rsystemen die bestm\u00f6gliche Klangqualit\u00e4t. Wir wollen, dass Sie sich damit auch rundum sorglos und sicher f\u00fchlen. Deshalb bieten wir Ihnen einzigartige Garantie- und Serviceleistungen. F\u00fcnf Jahre Garantie Zur gesetzlich vorgesehenen Garantie von zwei Jahren bieten wir Ihnen zus\u00e4tzlich drei Jahre Zelger-Garantie f\u00fcr eine [&hellip;]<\/p>\n","protected":false},"author":2,"featured_media":0,"parent":5103,"menu_order":0,"comment_status":"closed","ping_status":"closed","template":"","meta":{"site-sidebar-layout":"no-sidebar","site-content-layout":"page-builder","ast-site-content-layout":"full-width-container","site-content-style":"unboxed","site-sidebar-style":"unboxed","ast-global-header-display":"","ast-banner-title-visibility":"","ast-main-header-display":"","ast-hfb-above-header-display":"","ast-hfb-below-header-display":"","ast-hfb-mobile-header-display":"","site-post-title":"disabled","ast-breadcrumbs-content":"","ast-featured-img":"disabled","footer-sml-layout":"","ast-disable-related-posts":"","theme-transparent-header-meta":"","adv-header-id-meta":"","stick-header-meta":"","header-above-stick-meta":"","header-main-stick-meta":"","header-below-stick-meta":"","astra-migrate-meta-layouts":"set","ast-page-background-enabled":"default","ast-page-background-meta":{"desktop":{"background-color":"var(--ast-global-color-4)","background-image":"","background-repeat":"repeat","background-position":"center center","background-size":"auto","background-attachment":"scroll","background-type":"","background-media":"","overlay-type":"","overlay-color":"","overlay-opacity":"","overlay-gradient":""},"tablet":{"background-color":"","background-image":"","background-repeat":"repeat","background-position":"center center","background-size":"auto","background-attachment":"scroll","background-type":"","background-media":"","overlay-type":"","overlay-color":"","overlay-opacity":"","overlay-gradient":""},"mobile":{"background-color":"","background-image":"","background-repeat":"repeat","background-position":"center center","background-size":"auto","background-attachment":"scroll","background-type":"","background-media":"","overlay-type":"","overlay-color":"","overlay-opacity":"","overlay-gradient":""}},"ast-content-background-meta":{"desktop":{"background-color":"var(--ast-global-color-5)","background-image":"","background-repeat":"repeat","background-position":"center center","background-size":"auto","background-attachment":"scroll","background-type":"","background-media":"","overlay-type":"","overlay-color":"","overlay-opacity":"","overlay-gradient":""},"tablet":{"background-color":"var(--ast-global-color-5)","background-image":"","background-repeat":"repeat","background-position":"center center","background-size":"auto","background-attachment":"scroll","background-type":"","background-media":"","overlay-type":"","overlay-color":"","overlay-opacity":"","overlay-gradient":""},"mobile":{"background-color":"var(--ast-global-color-5)","background-image":"","background-repeat":"repeat","background-position":"center center","background-size":"auto","background-attachment":"scroll","background-type":"","background-media":"","overlay-type":"","overlay-color":"","overlay-opacity":"","overlay-gradient":""}},"footnotes":""},"class_list":["post-5135","page","type-page","status-publish","hentry"],"yoast_head":"<!-- This site is optimized with the Yoast SEO plugin v27.3 - https:\/\/yoast.com\/product\/yoast-seo-wordpress\/ -->\n<title>H\u00f6rbar sicher - Zelger - Ihre H\u00f6rexperten<\/title>\n<meta name=\"robots\" content=\"index, follow, max-snippet:-1, max-image-preview:large, max-video-preview:-1\" \/>\n<link rel=\"canonical\" href=\"https:\/\/www.zelger.it\/cosa-offriamo\/sentirsi-sicuri\/\" \/>\n<meta property=\"og:locale\" content=\"de_DE\" \/>\n<meta property=\"og:type\" content=\"article\" \/>\n<meta property=\"og:title\" content=\"H\u00f6rbar sicher - Zelger - Ihre H\u00f6rexperten\" \/>\n<meta property=\"og:description\" content=\"h\u00f6rbar-sicher Home Mit Garantien und Serviceleistungen von ZelgerSie erwarten sich von Ihren H\u00f6rsystemen die bestm\u00f6gliche Klangqualit\u00e4t. Wir wollen, dass Sie sich damit auch rundum sorglos und sicher f\u00fchlen. Deshalb bieten wir Ihnen einzigartige Garantie- und Serviceleistungen. F\u00fcnf Jahre Garantie Zur gesetzlich vorgesehenen Garantie von zwei Jahren bieten wir Ihnen zus\u00e4tzlich drei Jahre Zelger-Garantie f\u00fcr eine [&hellip;]\" \/>\n<meta property=\"og:url\" content=\"https:\/\/www.zelger.it\/cosa-offriamo\/sentirsi-sicuri\/\" \/>\n<meta property=\"og:site_name\" content=\"Zelger - Ihre H\u00f6rexperten\" \/>\n<meta property=\"article:publisher\" content=\"https:\/\/www.facebook.com\/zelger.it\" \/>\n<meta property=\"article:modified_time\" content=\"2023-09-09T08:12:55+00:00\" \/>\n<meta property=\"og:image\" content=\"http:\/\/zelger.it\/wp-content\/uploads\/2023\/04\/formazione-professionale.jpg\" \/>\n<meta name=\"twitter:card\" content=\"summary_large_image\" \/>\n<meta name=\"twitter:label1\" content=\"Gesch\u00e4tzte Lesezeit\" \/>\n\t<meta name=\"twitter:data1\" content=\"1\u00a0Minute\" \/>\n<script type=\"application\/ld+json\" class=\"yoast-schema-graph\">{\"@context\":\"https:\\\/\\\/schema.org\",\"@graph\":[{\"@type\":\"WebPage\",\"@id\":\"https:\\\/\\\/www.zelger.it\\\/cosa-offriamo\\\/sentirsi-sicuri\\\/\",\"url\":\"https:\\\/\\\/www.zelger.it\\\/cosa-offriamo\\\/sentirsi-sicuri\\\/\",\"name\":\"H\u00f6rbar sicher - Zelger - Ihre H\u00f6rexperten\",\"isPartOf\":{\"@id\":\"https:\\\/\\\/www.zelger.it\\\/de\\\/#website\"},\"primaryImageOfPage\":{\"@id\":\"https:\\\/\\\/www.zelger.it\\\/cosa-offriamo\\\/sentirsi-sicuri\\\/#primaryimage\"},\"image\":{\"@id\":\"https:\\\/\\\/www.zelger.it\\\/cosa-offriamo\\\/sentirsi-sicuri\\\/#primaryimage\"},\"thumbnailUrl\":\"http:\\\/\\\/zelger.it\\\/wp-content\\\/uploads\\\/2023\\\/04\\\/formazione-professionale.jpg\",\"datePublished\":\"2023-05-05T13:00:40+00:00\",\"dateModified\":\"2023-09-09T08:12:55+00:00\",\"breadcrumb\":{\"@id\":\"https:\\\/\\\/www.zelger.it\\\/cosa-offriamo\\\/sentirsi-sicuri\\\/#breadcrumb\"},\"inLanguage\":\"de\",\"potentialAction\":[{\"@type\":\"ReadAction\",\"target\":[\"https:\\\/\\\/www.zelger.it\\\/cosa-offriamo\\\/sentirsi-sicuri\\\/\"]}]},{\"@type\":\"ImageObject\",\"inLanguage\":\"de\",\"@id\":\"https:\\\/\\\/www.zelger.it\\\/cosa-offriamo\\\/sentirsi-sicuri\\\/#primaryimage\",\"url\":\"http:\\\/\\\/zelger.it\\\/wp-content\\\/uploads\\\/2023\\\/04\\\/formazione-professionale.jpg\",\"contentUrl\":\"http:\\\/\\\/zelger.it\\\/wp-content\\\/uploads\\\/2023\\\/04\\\/formazione-professionale.jpg\"},{\"@type\":\"BreadcrumbList\",\"@id\":\"https:\\\/\\\/www.zelger.it\\\/cosa-offriamo\\\/sentirsi-sicuri\\\/#breadcrumb\",\"itemListElement\":[{\"@type\":\"ListItem\",\"position\":1,\"name\":\"Home\",\"item\":\"https:\\\/\\\/www.zelger.it\\\/de\\\/\"},{\"@type\":\"ListItem\",\"position\":2,\"name\":\"Unsere Dienstleistungen\",\"item\":\"https:\\\/\\\/www.zelger.it\\\/cosa-offriamo\\\/\"},{\"@type\":\"ListItem\",\"position\":3,\"name\":\"H\u00f6rbar sicher\"}]},{\"@type\":\"WebSite\",\"@id\":\"https:\\\/\\\/www.zelger.it\\\/de\\\/#website\",\"url\":\"https:\\\/\\\/www.zelger.it\\\/de\\\/\",\"name\":\"Zelger - Ihre H\u00f6rexperten\",\"description\":\"Apparecchi acustici da Zelger | Esperti dell\u2019udito nel Nord Italia\",\"publisher\":{\"@id\":\"https:\\\/\\\/www.zelger.it\\\/de\\\/#organization\"},\"potentialAction\":[{\"@type\":\"SearchAction\",\"target\":{\"@type\":\"EntryPoint\",\"urlTemplate\":\"https:\\\/\\\/www.zelger.it\\\/de\\\/?s={search_term_string}\"},\"query-input\":{\"@type\":\"PropertyValueSpecification\",\"valueRequired\":true,\"valueName\":\"search_term_string\"}}],\"inLanguage\":\"de\"},{\"@type\":\"Organization\",\"@id\":\"https:\\\/\\\/www.zelger.it\\\/de\\\/#organization\",\"name\":\"Zelger Srl\",\"url\":\"https:\\\/\\\/www.zelger.it\\\/de\\\/\",\"logo\":{\"@type\":\"ImageObject\",\"inLanguage\":\"de\",\"@id\":\"https:\\\/\\\/www.zelger.it\\\/de\\\/#\\\/schema\\\/logo\\\/image\\\/\",\"url\":\"https:\\\/\\\/www.zelger.it\\\/wp-content\\\/uploads\\\/2023\\\/03\\\/Logo_it.svg\",\"contentUrl\":\"https:\\\/\\\/www.zelger.it\\\/wp-content\\\/uploads\\\/2023\\\/03\\\/Logo_it.svg\",\"caption\":\"Zelger Srl\"},\"image\":{\"@id\":\"https:\\\/\\\/www.zelger.it\\\/de\\\/#\\\/schema\\\/logo\\\/image\\\/\"},\"sameAs\":[\"https:\\\/\\\/www.facebook.com\\\/zelger.it\",\"https:\\\/\\\/www.youtube.com\\\/channel\\\/UCElzmntcVyuS8eWah3Ut8GA\"]}]}<\/script>\n<!-- \/ Yoast SEO plugin. -->","yoast_head_json":{"title":"H\u00f6rbar sicher - Zelger - Ihre H\u00f6rexperten","robots":{"index":"index","follow":"follow","max-snippet":"max-snippet:-1","max-image-preview":"max-image-preview:large","max-video-preview":"max-video-preview:-1"},"canonical":"https:\/\/www.zelger.it\/cosa-offriamo\/sentirsi-sicuri\/","og_locale":"de_DE","og_type":"article","og_title":"H\u00f6rbar sicher - Zelger - Ihre H\u00f6rexperten","og_description":"h\u00f6rbar-sicher Home Mit Garantien und Serviceleistungen von ZelgerSie erwarten sich von Ihren H\u00f6rsystemen die bestm\u00f6gliche Klangqualit\u00e4t. Wir wollen, dass Sie sich damit auch rundum sorglos und sicher f\u00fchlen. Deshalb bieten wir Ihnen einzigartige Garantie- und Serviceleistungen. F\u00fcnf Jahre Garantie Zur gesetzlich vorgesehenen Garantie von zwei Jahren bieten wir Ihnen zus\u00e4tzlich drei Jahre Zelger-Garantie f\u00fcr eine [&hellip;]","og_url":"https:\/\/www.zelger.it\/cosa-offriamo\/sentirsi-sicuri\/","og_site_name":"Zelger - Ihre H\u00f6rexperten","article_publisher":"https:\/\/www.facebook.com\/zelger.it","article_modified_time":"2023-09-09T08:12:55+00:00","og_image":[{"url":"http:\/\/zelger.it\/wp-content\/uploads\/2023\/04\/formazione-professionale.jpg","type":"","width":"","height":""}],"twitter_card":"summary_large_image","twitter_misc":{"Gesch\u00e4tzte Lesezeit":"1\u00a0Minute"},"schema":{"@context":"https:\/\/schema.org","@graph":[{"@type":"WebPage","@id":"https:\/\/www.zelger.it\/cosa-offriamo\/sentirsi-sicuri\/","url":"https:\/\/www.zelger.it\/cosa-offriamo\/sentirsi-sicuri\/","name":"H\u00f6rbar sicher - Zelger - Ihre H\u00f6rexperten","isPartOf":{"@id":"https:\/\/www.zelger.it\/de\/#website"},"primaryImageOfPage":{"@id":"https:\/\/www.zelger.it\/cosa-offriamo\/sentirsi-sicuri\/#primaryimage"},"image":{"@id":"https:\/\/www.zelger.it\/cosa-offriamo\/sentirsi-sicuri\/#primaryimage"},"thumbnailUrl":"http:\/\/zelger.it\/wp-content\/uploads\/2023\/04\/formazione-professionale.jpg","datePublished":"2023-05-05T13:00:40+00:00","dateModified":"2023-09-09T08:12:55+00:00","breadcrumb":{"@id":"https:\/\/www.zelger.it\/cosa-offriamo\/sentirsi-sicuri\/#breadcrumb"},"inLanguage":"de","potentialAction":[{"@type":"ReadAction","target":["https:\/\/www.zelger.it\/cosa-offriamo\/sentirsi-sicuri\/"]}]},{"@type":"ImageObject","inLanguage":"de","@id":"https:\/\/www.zelger.it\/cosa-offriamo\/sentirsi-sicuri\/#primaryimage","url":"http:\/\/zelger.it\/wp-content\/uploads\/2023\/04\/formazione-professionale.jpg","contentUrl":"http:\/\/zelger.it\/wp-content\/uploads\/2023\/04\/formazione-professionale.jpg"},{"@type":"BreadcrumbList","@id":"https:\/\/www.zelger.it\/cosa-offriamo\/sentirsi-sicuri\/#breadcrumb","itemListElement":[{"@type":"ListItem","position":1,"name":"Home","item":"https:\/\/www.zelger.it\/de\/"},{"@type":"ListItem","position":2,"name":"Unsere Dienstleistungen","item":"https:\/\/www.zelger.it\/cosa-offriamo\/"},{"@type":"ListItem","position":3,"name":"H\u00f6rbar sicher"}]},{"@type":"WebSite","@id":"https:\/\/www.zelger.it\/de\/#website","url":"https:\/\/www.zelger.it\/de\/","name":"Zelger - Ihre H\u00f6rexperten","description":"Apparecchi acustici da Zelger | Esperti dell\u2019udito nel Nord Italia","publisher":{"@id":"https:\/\/www.zelger.it\/de\/#organization"},"potentialAction":[{"@type":"SearchAction","target":{"@type":"EntryPoint","urlTemplate":"https:\/\/www.zelger.it\/de\/?s={search_term_string}"},"query-input":{"@type":"PropertyValueSpecification","valueRequired":true,"valueName":"search_term_string"}}],"inLanguage":"de"},{"@type":"Organization","@id":"https:\/\/www.zelger.it\/de\/#organization","name":"Zelger Srl","url":"https:\/\/www.zelger.it\/de\/","logo":{"@type":"ImageObject","inLanguage":"de","@id":"https:\/\/www.zelger.it\/de\/#\/schema\/logo\/image\/","url":"https:\/\/www.zelger.it\/wp-content\/uploads\/2023\/03\/Logo_it.svg","contentUrl":"https:\/\/www.zelger.it\/wp-content\/uploads\/2023\/03\/Logo_it.svg","caption":"Zelger Srl"},"image":{"@id":"https:\/\/www.zelger.it\/de\/#\/schema\/logo\/image\/"},"sameAs":["https:\/\/www.facebook.com\/zelger.it","https:\/\/www.youtube.com\/channel\/UCElzmntcVyuS8eWah3Ut8GA"]}]}},"_links":{"self":[{"href":"https:\/\/www.zelger.it\/de\/wp-json\/wp\/v2\/pages\/5135","targetHints":{"allow":["GET"]}}],"collection":[{"href":"https:\/\/www.zelger.it\/de\/wp-json\/wp\/v2\/pages"}],"about":[{"href":"https:\/\/www.zelger.it\/de\/wp-json\/wp\/v2\/types\/page"}],"author":[{"embeddable":true,"href":"https:\/\/www.zelger.it\/de\/wp-json\/wp\/v2\/users\/2"}],"replies":[{"embeddable":true,"href":"https:\/\/www.zelger.it\/de\/wp-json\/wp\/v2\/comments?post=5135"}],"version-history":[{"count":0,"href":"https:\/\/www.zelger.it\/de\/wp-json\/wp\/v2\/pages\/5135\/revisions"}],"up":[{"embeddable":true,"href":"https:\/\/www.zelger.it\/de\/wp-json\/wp\/v2\/pages\/5103"}],"wp:attachment":[{"href":"https:\/\/www.zelger.it\/de\/wp-json\/wp\/v2\/media?parent=5135"}],"curies":[{"name":"wp","href":"https:\/\/api.w.org\/{rel}","templated":true}]}}