{"id":5103,"date":"2023-04-18T14:52:32","date_gmt":"2023-04-18T12:52:32","guid":{"rendered":"https:\/\/zelger.it\/cosa-offriamo\/"},"modified":"2026-02-02T01:41:53","modified_gmt":"2026-02-02T00:41:53","slug":"was-wir-anbieten","status":"publish","type":"page","link":"https:\/\/www.zelger.it\/de\/was-wir-anbieten\/","title":{"rendered":"Unsere Dienstleistungen"},"content":{"rendered":"\t\t<div data-elementor-type=\"wp-page\" data-elementor-id=\"5103\" class=\"elementor elementor-5103 elementor-42\" data-elementor-post-type=\"page\">\n\t\t\t\t\t\t<section class=\"elementor-section elementor-top-section elementor-element elementor-element-836fd51 elementor-section-stretched elementor-section-boxed elementor-section-height-default elementor-section-height-default\" data-id=\"836fd51\" data-element_type=\"section\" data-e-type=\"section\" data-settings=\"{&quot;jet_parallax_layout_list&quot;:[],&quot;stretch_section&quot;:&quot;section-stretched&quot;}\">\n\t\t\t\t\t\t<div class=\"elementor-container elementor-column-gap-default\">\n\t\t\t\t\t<div class=\"elementor-column elementor-col-100 elementor-top-column elementor-element elementor-element-14f84cd\" data-id=\"14f84cd\" data-element_type=\"column\" data-e-type=\"column\">\n\t\t\t<div class=\"elementor-widget-wrap elementor-element-populated\">\n\t\t\t\t\t\t<div class=\"elementor-element elementor-element-36f11f4 elementor-widget elementor-widget-heading\" data-id=\"36f11f4\" data-element_type=\"widget\" data-e-type=\"widget\" data-widget_type=\"heading.default\">\n\t\t\t\t<div class=\"elementor-widget-container\">\n\t\t\t\t\t<h1 class=\"elementor-heading-title elementor-size-default\">Personalisierte Beratung ist...\n<\/h1>\t\t\t\t<\/div>\n\t\t\t\t<\/div>\n\t\t\t\t<div class=\"elementor-element elementor-element-bb231d3 elementor-widget elementor-widget-text-editor\" data-id=\"bb231d3\" data-element_type=\"widget\" data-e-type=\"widget\" data-widget_type=\"text-editor.default\">\n\t\t\t\t<div class=\"elementor-widget-container\">\n\t\t\t\t\t\t\t\t\t<ul><li>..zuerst einmal, dass Sie\u00a0h\u00f6flich begr\u00fc\u00dft werden, wenn Sie in unsere\u00a0Gesch\u00e4fte kommen, und eine freundliche\u00a0und zuvorkommende Atmosph\u00e4re\u00a0vorfinden.<\/li><li>Dann, dass wir Ihr Anliegen\u00a0erfragen und Ihnen genau zuh\u00f6ren,\u00a0schlie\u00dflich das sorgf\u00e4ltige Eingehen\u00a0auf Ihre ganz individuellen Anforderungen.<\/li><li>Zelger steht f\u00fcr kompetente\u00a0Beratung, ausgezeichneten Service\u00a0und innovative Produkte, aber auch\u00a0f\u00fcr ein Team, das sich Zeit mit dem und\u00a0f\u00fcr den Kunden nimmt.<\/li><li>Wir wissen,\u00a0dass unsere Kunden in die Entscheidung\u00a0f\u00fcr oder gegen ein bestimmtes\u00a0H\u00f6rger\u00e4t einbezogen werden wollen. Das ist eine sehr pers\u00f6nliche Angelegenheit.<\/li><li>Letztendlich bedeutet f\u00fcr uns pers\u00f6nliche Beratung, den Kunden\u00a0den h\u00f6chsten, pers\u00f6nlich wahrnehmbaren\u00a0Nutzen zu bieten \u2013 durch die\u00a0bestm\u00f6gliche H\u00f6rl\u00f6sung.<\/li><\/ul>\t\t\t\t\t\t\t\t<\/div>\n\t\t\t\t<\/div>\n\t\t\t\t\t<\/div>\n\t\t<\/div>\n\t\t\t\t\t<\/div>\n\t\t<\/section>\n\t\t\t\t<section class=\"elementor-section elementor-top-section elementor-element elementor-element-81b5ad4 elementor-section-boxed elementor-section-height-default elementor-section-height-default\" data-id=\"81b5ad4\" data-element_type=\"section\" data-e-type=\"section\" data-settings=\"{&quot;jet_parallax_layout_list&quot;:[]}\">\n\t\t\t\t\t\t<div class=\"elementor-container elementor-column-gap-default\">\n\t\t\t\t\t<div class=\"elementor-column elementor-col-33 elementor-top-column elementor-element elementor-element-270c667\" data-id=\"270c667\" data-element_type=\"column\" data-e-type=\"column\" data-settings=\"{&quot;background_background&quot;:&quot;classic&quot;}\">\n\t\t\t<div class=\"elementor-widget-wrap elementor-element-populated\">\n\t\t\t\t\t<div class=\"elementor-background-overlay\"><\/div>\n\t\t\t\t\t\t<div class=\"elementor-element elementor-element-5ba5a9f elementor-widget elementor-widget-heading\" data-id=\"5ba5a9f\" data-element_type=\"widget\" data-e-type=\"widget\" data-widget_type=\"heading.default\">\n\t\t\t\t<div class=\"elementor-widget-container\">\n\t\t\t\t\t<h4 class=\"elementor-heading-title elementor-size-default\">Pers\u00f6nliches H\u00f6rerlebnis<\/h4>\t\t\t\t<\/div>\n\t\t\t\t<\/div>\n\t\t\t\t<div class=\"elementor-element elementor-element-95fc1bd elementor-widget elementor-widget-button\" data-id=\"95fc1bd\" data-element_type=\"widget\" data-e-type=\"widget\" data-widget_type=\"button.default\">\n\t\t\t\t<div class=\"elementor-widget-container\">\n\t\t\t\t\t\t\t\t\t<div class=\"elementor-button-wrapper\">\n\t\t\t\t\t<a class=\"elementor-button elementor-button-link elementor-size-sm\" href=\"https:\/\/www.zelger.it\/de\/was-wir-anbieten\/personliches-horerlebnis\/\">\n\t\t\t\t\t\t<span class=\"elementor-button-content-wrapper\">\n\t\t\t\t\t\t<span class=\"elementor-button-icon\">\n\t\t\t\t<svg xmlns=\"http:\/\/www.w3.org\/2000\/svg\" id=\"uuid-7a44b752-08c5-408a-a005-d6a5e9309c1e\" viewBox=\"0 0 13.9 13.9\"><path d=\"m6,13.9V0h1.9v13.9h-1.9ZM0,7.9v-1.9h13.9v1.9H0Z\"><\/path><\/svg>\t\t\t<\/span>\n\t\t\t\t\t\t\t\t\t<span class=\"elementor-button-text\">mehr erfahren<\/span>\n\t\t\t\t\t<\/span>\n\t\t\t\t\t<\/a>\n\t\t\t\t<\/div>\n\t\t\t\t\t\t\t\t<\/div>\n\t\t\t\t<\/div>\n\t\t\t\t\t<\/div>\n\t\t<\/div>\n\t\t\t\t<div class=\"elementor-column elementor-col-33 elementor-top-column elementor-element elementor-element-0429859\" data-id=\"0429859\" data-element_type=\"column\" data-e-type=\"column\" data-settings=\"{&quot;background_background&quot;:&quot;classic&quot;}\">\n\t\t\t<div class=\"elementor-widget-wrap elementor-element-populated\">\n\t\t\t\t\t<div class=\"elementor-background-overlay\"><\/div>\n\t\t\t\t\t\t<div class=\"elementor-element elementor-element-7d5cf7d elementor-widget elementor-widget-heading\" data-id=\"7d5cf7d\" data-element_type=\"widget\" data-e-type=\"widget\" data-widget_type=\"heading.default\">\n\t\t\t\t<div class=\"elementor-widget-container\">\n\t\t\t\t\t<h4 class=\"elementor-heading-title elementor-size-default\">GRATIS-PROBE<\/h4>\t\t\t\t<\/div>\n\t\t\t\t<\/div>\n\t\t\t\t<div class=\"elementor-element elementor-element-901f1bd elementor-widget elementor-widget-button\" data-id=\"901f1bd\" data-element_type=\"widget\" data-e-type=\"widget\" data-widget_type=\"button.default\">\n\t\t\t\t<div class=\"elementor-widget-container\">\n\t\t\t\t\t\t\t\t\t<div class=\"elementor-button-wrapper\">\n\t\t\t\t\t<a class=\"elementor-button elementor-button-link elementor-size-sm\" href=\"https:\/\/www.zelger.it\/de\/was-wir-anbieten\/gratis-probe\/\">\n\t\t\t\t\t\t<span class=\"elementor-button-content-wrapper\">\n\t\t\t\t\t\t<span class=\"elementor-button-icon\">\n\t\t\t\t<svg xmlns=\"http:\/\/www.w3.org\/2000\/svg\" id=\"uuid-7a44b752-08c5-408a-a005-d6a5e9309c1e\" viewBox=\"0 0 13.9 13.9\"><path d=\"m6,13.9V0h1.9v13.9h-1.9ZM0,7.9v-1.9h13.9v1.9H0Z\"><\/path><\/svg>\t\t\t<\/span>\n\t\t\t\t\t\t\t\t\t<span class=\"elementor-button-text\">mehr erfahren<\/span>\n\t\t\t\t\t<\/span>\n\t\t\t\t\t<\/a>\n\t\t\t\t<\/div>\n\t\t\t\t\t\t\t\t<\/div>\n\t\t\t\t<\/div>\n\t\t\t\t\t<\/div>\n\t\t<\/div>\n\t\t\t\t<div class=\"elementor-column elementor-col-33 elementor-top-column elementor-element elementor-element-f1d2ee3\" data-id=\"f1d2ee3\" data-element_type=\"column\" data-e-type=\"column\" data-settings=\"{&quot;background_background&quot;:&quot;classic&quot;}\">\n\t\t\t<div class=\"elementor-widget-wrap elementor-element-populated\">\n\t\t\t\t\t<div class=\"elementor-background-overlay\"><\/div>\n\t\t\t\t\t\t<div class=\"elementor-element elementor-element-f01fb52 elementor-widget elementor-widget-heading\" data-id=\"f01fb52\" data-element_type=\"widget\" data-e-type=\"widget\" data-widget_type=\"heading.default\">\n\t\t\t\t<div class=\"elementor-widget-container\">\n\t\t\t\t\t<h4 class=\"elementor-heading-title elementor-size-default\">Reparatur-Service<\/h4>\t\t\t\t<\/div>\n\t\t\t\t<\/div>\n\t\t\t\t<div class=\"elementor-element elementor-element-e49499c elementor-widget elementor-widget-button\" data-id=\"e49499c\" data-element_type=\"widget\" data-e-type=\"widget\" data-widget_type=\"button.default\">\n\t\t\t\t<div class=\"elementor-widget-container\">\n\t\t\t\t\t\t\t\t\t<div class=\"elementor-button-wrapper\">\n\t\t\t\t\t<a class=\"elementor-button elementor-button-link elementor-size-sm\" href=\"https:\/\/www.zelger.it\/de\/was-wir-anbieten\/horgerate-reparatur\/\">\n\t\t\t\t\t\t<span class=\"elementor-button-content-wrapper\">\n\t\t\t\t\t\t<span class=\"elementor-button-icon\">\n\t\t\t\t<svg xmlns=\"http:\/\/www.w3.org\/2000\/svg\" id=\"uuid-7a44b752-08c5-408a-a005-d6a5e9309c1e\" viewBox=\"0 0 13.9 13.9\"><path d=\"m6,13.9V0h1.9v13.9h-1.9ZM0,7.9v-1.9h13.9v1.9H0Z\"><\/path><\/svg>\t\t\t<\/span>\n\t\t\t\t\t\t\t\t\t<span class=\"elementor-button-text\">mehr erfahren<\/span>\n\t\t\t\t\t<\/span>\n\t\t\t\t\t<\/a>\n\t\t\t\t<\/div>\n\t\t\t\t\t\t\t\t<\/div>\n\t\t\t\t<\/div>\n\t\t\t\t\t<\/div>\n\t\t<\/div>\n\t\t\t\t\t<\/div>\n\t\t<\/section>\n\t\t\t\t<section class=\"elementor-section elementor-top-section elementor-element elementor-element-1f11790 elementor-section-stretched elementor-section-boxed elementor-section-height-default elementor-section-height-default\" data-id=\"1f11790\" data-element_type=\"section\" data-e-type=\"section\" data-settings=\"{&quot;jet_parallax_layout_list&quot;:[],&quot;background_background&quot;:&quot;classic&quot;,&quot;stretch_section&quot;:&quot;section-stretched&quot;}\">\n\t\t\t\t\t\t<div class=\"elementor-container elementor-column-gap-default\">\n\t\t\t\t\t<div class=\"elementor-column elementor-col-100 elementor-top-column elementor-element elementor-element-345d84a\" data-id=\"345d84a\" data-element_type=\"column\" data-e-type=\"column\">\n\t\t\t<div class=\"elementor-widget-wrap elementor-element-populated\">\n\t\t\t\t\t\t<div class=\"elementor-element elementor-element-63057a9 elementor-cta--skin-classic elementor-animated-content elementor-bg-transform elementor-bg-transform-zoom-in elementor-widget elementor-widget-call-to-action\" data-id=\"63057a9\" data-element_type=\"widget\" data-e-type=\"widget\" data-widget_type=\"call-to-action.default\">\n\t\t\t\t<div class=\"elementor-widget-container\">\n\t\t\t\t\t\t\t<div class=\"elementor-cta\">\n\t\t\t\t\t\t\t<div class=\"elementor-cta__content\">\n\t\t\t\t\n\t\t\t\t\t\t\t\t\t<h2 class=\"elementor-cta__title elementor-cta__content-item elementor-content-item\">\n\t\t\t\t\t\tMit Erfahrung zum Erfolg\t\t\t\t\t<\/h2>\n\t\t\t\t\n\t\t\t\t\t\t\t\t\t<div class=\"elementor-cta__description elementor-cta__content-item elementor-content-item\">\n\t\t\t\t\t\tGenie\u00dfen Sie ein Plus an Leistungen, die nur Zelger H\u00f6rexperten bietet. Das sagen auch unsere Kunden. Wir f\u00fchren bew\u00e4hrte H\u00f6rsysteme f\u00fchrender Hersteller. Erleben Sie innovative Technologie im Mini-Format. Wir machen H\u00f6ren pers\u00f6nlich. F\u00fcr h\u00f6chste Zufriedenheit in jeder H\u00f6rsituation.\t\t\t\t\t<\/div>\n\t\t\t\t\n\t\t\t\t\t\t\t\t\t<div class=\"elementor-cta__button-wrapper elementor-cta__content-item elementor-content-item \">\n\t\t\t\t\t<a class=\"elementor-cta__button elementor-button elementor-size-\" href=\"https:\/\/www.zelger.it\/de\/was-wir-anbieten\/individuelle-hoerberatung\/\">\n\t\t\t\t\t\t    Personalisierte Beratung\t\t\t\t\t<\/a>\n\t\t\t\t\t<\/div>\n\t\t\t\t\t\t\t<\/div>\n\t\t\t\t\t\t<\/div>\n\t\t\t\t\t\t<\/div>\n\t\t\t\t<\/div>\n\t\t\t\t\t<\/div>\n\t\t<\/div>\n\t\t\t\t\t<\/div>\n\t\t<\/section>\n\t\t\t\t<\/div>\n\t\t","protected":false},"excerpt":{"rendered":"<p>Personalisierte Beratung ist&#8230; ..zuerst einmal, dass Sie\u00a0h\u00f6flich begr\u00fc\u00dft werden, wenn Sie in unsere\u00a0Gesch\u00e4fte kommen, und eine freundliche\u00a0und zuvorkommende Atmosph\u00e4re\u00a0vorfinden. Dann, dass wir Ihr Anliegen\u00a0erfragen und Ihnen genau zuh\u00f6ren,\u00a0schlie\u00dflich das sorgf\u00e4ltige Eingehen\u00a0auf Ihre ganz individuellen Anforderungen. Zelger steht f\u00fcr kompetente\u00a0Beratung, ausgezeichneten Service\u00a0und innovative Produkte, aber auch\u00a0f\u00fcr ein Team, das sich Zeit mit dem und\u00a0f\u00fcr den Kunden [&hellip;]<\/p>\n","protected":false},"author":2,"featured_media":0,"parent":0,"menu_order":0,"comment_status":"closed","ping_status":"closed","template":"","meta":{"site-sidebar-layout":"no-sidebar","site-content-layout":"page-builder","ast-site-content-layout":"default","site-content-style":"default","site-sidebar-style":"default","ast-global-header-display":"","ast-banner-title-visibility":"","ast-main-header-display":"","ast-hfb-above-header-display":"","ast-hfb-below-header-display":"","ast-hfb-mobile-header-display":"","site-post-title":"disabled","ast-breadcrumbs-content":"","ast-featured-img":"disabled","footer-sml-layout":"","ast-disable-related-posts":"","theme-transparent-header-meta":"","adv-header-id-meta":"","stick-header-meta":"","header-above-stick-meta":"","header-main-stick-meta":"","header-below-stick-meta":"","astra-migrate-meta-layouts":"set","ast-page-background-enabled":"default","ast-page-background-meta":{"desktop":{"background-color":"var(--ast-global-color-4)","background-image":"","background-repeat":"repeat","background-position":"center center","background-size":"auto","background-attachment":"scroll","background-type":"","background-media":"","overlay-type":"","overlay-color":"","overlay-opacity":"","overlay-gradient":""},"tablet":{"background-color":"","background-image":"","background-repeat":"repeat","background-position":"center center","background-size":"auto","background-attachment":"scroll","background-type":"","background-media":"","overlay-type":"","overlay-color":"","overlay-opacity":"","overlay-gradient":""},"mobile":{"background-color":"","background-image":"","background-repeat":"repeat","background-position":"center center","background-size":"auto","background-attachment":"scroll","background-type":"","background-media":"","overlay-type":"","overlay-color":"","overlay-opacity":"","overlay-gradient":""}},"ast-content-background-meta":{"desktop":{"background-color":"var(--ast-global-color-5)","background-image":"","background-repeat":"repeat","background-position":"center center","background-size":"auto","background-attachment":"scroll","background-type":"","background-media":"","overlay-type":"","overlay-color":"","overlay-opacity":"","overlay-gradient":""},"tablet":{"background-color":"var(--ast-global-color-5)","background-image":"","background-repeat":"repeat","background-position":"center center","background-size":"auto","background-attachment":"scroll","background-type":"","background-media":"","overlay-type":"","overlay-color":"","overlay-opacity":"","overlay-gradient":""},"mobile":{"background-color":"var(--ast-global-color-5)","background-image":"","background-repeat":"repeat","background-position":"center center","background-size":"auto","background-attachment":"scroll","background-type":"","background-media":"","overlay-type":"","overlay-color":"","overlay-opacity":"","overlay-gradient":""}},"footnotes":""},"class_list":["post-5103","page","type-page","status-publish","hentry"],"yoast_head":"<!-- This site is optimized with the Yoast SEO plugin v27.5 - https:\/\/yoast.com\/product\/yoast-seo-wordpress\/ -->\n<title>Unsere Dienstleistungen - Zelger - Ihre H\u00f6rexperten<\/title>\n<meta name=\"robots\" content=\"index, follow, max-snippet:-1, max-image-preview:large, max-video-preview:-1\" \/>\n<link rel=\"canonical\" href=\"https:\/\/www.zelger.it\/cosa-offriamo\/\" \/>\n<meta property=\"og:locale\" content=\"de_DE\" \/>\n<meta property=\"og:type\" content=\"article\" \/>\n<meta property=\"og:title\" content=\"Unsere Dienstleistungen - Zelger - Ihre H\u00f6rexperten\" \/>\n<meta property=\"og:description\" content=\"Personalisierte Beratung ist&#8230; ..zuerst einmal, dass Sie\u00a0h\u00f6flich begr\u00fc\u00dft werden, wenn Sie in unsere\u00a0Gesch\u00e4fte kommen, und eine freundliche\u00a0und zuvorkommende Atmosph\u00e4re\u00a0vorfinden. Dann, dass wir Ihr Anliegen\u00a0erfragen und Ihnen genau zuh\u00f6ren,\u00a0schlie\u00dflich das sorgf\u00e4ltige Eingehen\u00a0auf Ihre ganz individuellen Anforderungen. Zelger steht f\u00fcr kompetente\u00a0Beratung, ausgezeichneten Service\u00a0und innovative Produkte, aber auch\u00a0f\u00fcr ein Team, das sich Zeit mit dem und\u00a0f\u00fcr den Kunden [&hellip;]\" \/>\n<meta property=\"og:url\" content=\"https:\/\/www.zelger.it\/cosa-offriamo\/\" \/>\n<meta property=\"og:site_name\" content=\"Zelger - Ihre H\u00f6rexperten\" \/>\n<meta property=\"article:publisher\" content=\"https:\/\/www.facebook.com\/zelger.it\" \/>\n<meta property=\"article:modified_time\" content=\"2026-02-02T00:41:53+00:00\" \/>\n<meta property=\"og:image\" content=\"https:\/\/www.zelger.it\/wp-content\/uploads\/2023\/04\/chisiamo-min.jpg\" \/>\n\t<meta property=\"og:image:width\" content=\"1918\" \/>\n\t<meta property=\"og:image:height\" content=\"1154\" \/>\n\t<meta property=\"og:image:type\" content=\"image\/jpeg\" \/>\n<meta name=\"twitter:card\" content=\"summary_large_image\" \/>\n<meta name=\"twitter:label1\" content=\"Gesch\u00e4tzte Lesezeit\" \/>\n\t<meta name=\"twitter:data1\" content=\"1\u00a0Minute\" \/>\n<script type=\"application\/ld+json\" class=\"yoast-schema-graph\">{\"@context\":\"https:\\\/\\\/schema.org\",\"@graph\":[{\"@type\":\"WebPage\",\"@id\":\"https:\\\/\\\/www.zelger.it\\\/cosa-offriamo\\\/\",\"url\":\"https:\\\/\\\/www.zelger.it\\\/cosa-offriamo\\\/\",\"name\":\"Unsere Dienstleistungen - Zelger - Ihre H\u00f6rexperten\",\"isPartOf\":{\"@id\":\"https:\\\/\\\/www.zelger.it\\\/de\\\/#website\"},\"datePublished\":\"2023-04-18T12:52:32+00:00\",\"dateModified\":\"2026-02-02T00:41:53+00:00\",\"breadcrumb\":{\"@id\":\"https:\\\/\\\/www.zelger.it\\\/cosa-offriamo\\\/#breadcrumb\"},\"inLanguage\":\"de\",\"potentialAction\":[{\"@type\":\"ReadAction\",\"target\":[\"https:\\\/\\\/www.zelger.it\\\/cosa-offriamo\\\/\"]}]},{\"@type\":\"BreadcrumbList\",\"@id\":\"https:\\\/\\\/www.zelger.it\\\/cosa-offriamo\\\/#breadcrumb\",\"itemListElement\":[{\"@type\":\"ListItem\",\"position\":1,\"name\":\"Home\",\"item\":\"https:\\\/\\\/www.zelger.it\\\/de\\\/\"},{\"@type\":\"ListItem\",\"position\":2,\"name\":\"Unsere Dienstleistungen\"}]},{\"@type\":\"WebSite\",\"@id\":\"https:\\\/\\\/www.zelger.it\\\/de\\\/#website\",\"url\":\"https:\\\/\\\/www.zelger.it\\\/de\\\/\",\"name\":\"Zelger - Ihre H\u00f6rexperten\",\"description\":\"Apparecchi acustici da Zelger | Esperti dell\u2019udito nel Nord Italia\",\"publisher\":{\"@id\":\"https:\\\/\\\/www.zelger.it\\\/de\\\/#organization\"},\"potentialAction\":[{\"@type\":\"SearchAction\",\"target\":{\"@type\":\"EntryPoint\",\"urlTemplate\":\"https:\\\/\\\/www.zelger.it\\\/de\\\/?s={search_term_string}\"},\"query-input\":{\"@type\":\"PropertyValueSpecification\",\"valueRequired\":true,\"valueName\":\"search_term_string\"}}],\"inLanguage\":\"de\"},{\"@type\":\"Organization\",\"@id\":\"https:\\\/\\\/www.zelger.it\\\/de\\\/#organization\",\"name\":\"Zelger Srl\",\"url\":\"https:\\\/\\\/www.zelger.it\\\/de\\\/\",\"logo\":{\"@type\":\"ImageObject\",\"inLanguage\":\"de\",\"@id\":\"https:\\\/\\\/www.zelger.it\\\/de\\\/#\\\/schema\\\/logo\\\/image\\\/\",\"url\":\"https:\\\/\\\/www.zelger.it\\\/wp-content\\\/uploads\\\/2023\\\/03\\\/Logo_it.svg\",\"contentUrl\":\"https:\\\/\\\/www.zelger.it\\\/wp-content\\\/uploads\\\/2023\\\/03\\\/Logo_it.svg\",\"caption\":\"Zelger Srl\"},\"image\":{\"@id\":\"https:\\\/\\\/www.zelger.it\\\/de\\\/#\\\/schema\\\/logo\\\/image\\\/\"},\"sameAs\":[\"https:\\\/\\\/www.facebook.com\\\/zelger.it\",\"https:\\\/\\\/www.youtube.com\\\/channel\\\/UCElzmntcVyuS8eWah3Ut8GA\"]}]}<\/script>\n<!-- \/ Yoast SEO plugin. -->","yoast_head_json":{"title":"Unsere Dienstleistungen - Zelger - Ihre H\u00f6rexperten","robots":{"index":"index","follow":"follow","max-snippet":"max-snippet:-1","max-image-preview":"max-image-preview:large","max-video-preview":"max-video-preview:-1"},"canonical":"https:\/\/www.zelger.it\/cosa-offriamo\/","og_locale":"de_DE","og_type":"article","og_title":"Unsere Dienstleistungen - Zelger - Ihre H\u00f6rexperten","og_description":"Personalisierte Beratung ist&#8230; ..zuerst einmal, dass Sie\u00a0h\u00f6flich begr\u00fc\u00dft werden, wenn Sie in unsere\u00a0Gesch\u00e4fte kommen, und eine freundliche\u00a0und zuvorkommende Atmosph\u00e4re\u00a0vorfinden. Dann, dass wir Ihr Anliegen\u00a0erfragen und Ihnen genau zuh\u00f6ren,\u00a0schlie\u00dflich das sorgf\u00e4ltige Eingehen\u00a0auf Ihre ganz individuellen Anforderungen. Zelger steht f\u00fcr kompetente\u00a0Beratung, ausgezeichneten Service\u00a0und innovative Produkte, aber auch\u00a0f\u00fcr ein Team, das sich Zeit mit dem und\u00a0f\u00fcr den Kunden [&hellip;]","og_url":"https:\/\/www.zelger.it\/cosa-offriamo\/","og_site_name":"Zelger - Ihre H\u00f6rexperten","article_publisher":"https:\/\/www.facebook.com\/zelger.it","article_modified_time":"2026-02-02T00:41:53+00:00","og_image":[{"width":1918,"height":1154,"url":"https:\/\/www.zelger.it\/wp-content\/uploads\/2023\/04\/chisiamo-min.jpg","type":"image\/jpeg"}],"twitter_card":"summary_large_image","twitter_misc":{"Gesch\u00e4tzte Lesezeit":"1\u00a0Minute"},"schema":{"@context":"https:\/\/schema.org","@graph":[{"@type":"WebPage","@id":"https:\/\/www.zelger.it\/cosa-offriamo\/","url":"https:\/\/www.zelger.it\/cosa-offriamo\/","name":"Unsere Dienstleistungen - Zelger - Ihre H\u00f6rexperten","isPartOf":{"@id":"https:\/\/www.zelger.it\/de\/#website"},"datePublished":"2023-04-18T12:52:32+00:00","dateModified":"2026-02-02T00:41:53+00:00","breadcrumb":{"@id":"https:\/\/www.zelger.it\/cosa-offriamo\/#breadcrumb"},"inLanguage":"de","potentialAction":[{"@type":"ReadAction","target":["https:\/\/www.zelger.it\/cosa-offriamo\/"]}]},{"@type":"BreadcrumbList","@id":"https:\/\/www.zelger.it\/cosa-offriamo\/#breadcrumb","itemListElement":[{"@type":"ListItem","position":1,"name":"Home","item":"https:\/\/www.zelger.it\/de\/"},{"@type":"ListItem","position":2,"name":"Unsere Dienstleistungen"}]},{"@type":"WebSite","@id":"https:\/\/www.zelger.it\/de\/#website","url":"https:\/\/www.zelger.it\/de\/","name":"Zelger - Ihre H\u00f6rexperten","description":"Apparecchi acustici da Zelger | Esperti dell\u2019udito nel Nord Italia","publisher":{"@id":"https:\/\/www.zelger.it\/de\/#organization"},"potentialAction":[{"@type":"SearchAction","target":{"@type":"EntryPoint","urlTemplate":"https:\/\/www.zelger.it\/de\/?s={search_term_string}"},"query-input":{"@type":"PropertyValueSpecification","valueRequired":true,"valueName":"search_term_string"}}],"inLanguage":"de"},{"@type":"Organization","@id":"https:\/\/www.zelger.it\/de\/#organization","name":"Zelger Srl","url":"https:\/\/www.zelger.it\/de\/","logo":{"@type":"ImageObject","inLanguage":"de","@id":"https:\/\/www.zelger.it\/de\/#\/schema\/logo\/image\/","url":"https:\/\/www.zelger.it\/wp-content\/uploads\/2023\/03\/Logo_it.svg","contentUrl":"https:\/\/www.zelger.it\/wp-content\/uploads\/2023\/03\/Logo_it.svg","caption":"Zelger Srl"},"image":{"@id":"https:\/\/www.zelger.it\/de\/#\/schema\/logo\/image\/"},"sameAs":["https:\/\/www.facebook.com\/zelger.it","https:\/\/www.youtube.com\/channel\/UCElzmntcVyuS8eWah3Ut8GA"]}]}},"_links":{"self":[{"href":"https:\/\/www.zelger.it\/de\/wp-json\/wp\/v2\/pages\/5103","targetHints":{"allow":["GET"]}}],"collection":[{"href":"https:\/\/www.zelger.it\/de\/wp-json\/wp\/v2\/pages"}],"about":[{"href":"https:\/\/www.zelger.it\/de\/wp-json\/wp\/v2\/types\/page"}],"author":[{"embeddable":true,"href":"https:\/\/www.zelger.it\/de\/wp-json\/wp\/v2\/users\/2"}],"replies":[{"embeddable":true,"href":"https:\/\/www.zelger.it\/de\/wp-json\/wp\/v2\/comments?post=5103"}],"version-history":[{"count":6,"href":"https:\/\/www.zelger.it\/de\/wp-json\/wp\/v2\/pages\/5103\/revisions"}],"predecessor-version":[{"id":13920,"href":"https:\/\/www.zelger.it\/de\/wp-json\/wp\/v2\/pages\/5103\/revisions\/13920"}],"wp:attachment":[{"href":"https:\/\/www.zelger.it\/de\/wp-json\/wp\/v2\/media?parent=5103"}],"curies":[{"name":"wp","href":"https:\/\/api.w.org\/{rel}","templated":true}]}}